{"id":2125,"date":"2019-06-28T09:02:40","date_gmt":"2019-06-28T09:02:40","guid":{"rendered":"https:\/\/www.snowbirds.org\/?page_id=2125"},"modified":"2019-11-11T06:53:11","modified_gmt":"2019-11-11T06:53:11","slug":"canada-club","status":"publish","type":"page","link":"https:\/\/www.snowbirds.org\/fr\/member-benefits\/canada-club\/","title":{"rendered":"Club Canada"},"content":{"rendered":"<div id=\"modal-ready\"><div id=\"lipsum\">\n<h2>\u00c9v\u00e9nements Club Canada!<\/h2>\n<p>L\u2019Association canadienne des \u00ab\u00a0snowbirds\u00a0\u00bb vous aide \u00e0 organiser des \u00e9v\u00e9nements Club Canada! dans le but de promouvoir et am\u00e9liorer le mode de vie des snowbirds en cr\u00e9ant un lien de communication entre snowbirds canadiens \u00e0 l\u2019\u00e9tranger.<\/p>\n<p>Si vous organisez ou souhaitez organiser un \u00e9v\u00e9nement Club Canada!, nous pouvons vous aider. Nous annoncerons votre \u00e9v\u00e9nement dans le magazine Nouvelles \u00ab\u00a0CSA\u00a0\u00bb s\u2019il y reste de l\u2019espace. Vous devez cependant \u00eatre membre de l\u2019ACS, et nous vous serions reconnaissants de profiter de votre \u00e9v\u00e9nement pour recruter quelques nouveaux membres. N\u2019oubliez pas que si vous recrutez 5 nouveaux membres, vous n\u2019aurez pas \u00e0 payer vos frais d\u2019adh\u00e9sion de l\u2019ann\u00e9e suivante.<\/p>\n<p>Pour annoncer un \u00e9v\u00e9nement Club Canada!, vous devez \u00eatre membre de l\u2019ACS et avoir une adresse courriel pour que nous puissions vous contacter si nous avons des questions ou des commentaires sur votre annonce.<\/p>\n<p>Une fois que vous aurez annonc\u00e9 votre \u00e9v\u00e9nement, n\u2019oubliez pas de commander vos napperons Club Canada!, sur lesquels figurent les hymnes nationaux du Canada et des \u00c9tats-Unis.<\/p>\n<p><a class=\"redbtn\" href=\"https:\/\/www.snowbirds.org\/csa\/postcanadaclubinfo.php?ln=fr\" target=\"poppup\"><strong>Cliquez ici pour annoncer un \u00e9v\u00e9nement Club Canada!<\/strong><\/a><\/p>\n<p>&nbsp;<\/p>\n<p><strong>Napperons Club Canada!<\/strong><\/p>\n<p>Vous planifiez une activit\u00e9 sociale ou vous voulez f\u00eater le Canada? INFORMEZ-NOUS!<\/p>\n<p>Vous rassemblez un groupe de Canadiens aux \u00c9tats-Unis pour une r\u00e9union, un \u00e9v\u00e9nement, un d\u00eener ou un pique-nique? Informez-nous! Nous vous enverrons, pour vos invit\u00e9s, des napperons sur lesquels figurent les paroles des hymnes nationaux du Canada et des \u00c9tats-Unis, ainsi que d\u2019autres \u00ab\u00a0surprises\u00a0\u00bb que nous pourrons vous d\u00e9nicher.<\/p>\n<\/div>\n<p><img loading=\"lazy\" decoding=\"async\" class=\"size-full wp-image-2992 alignleft\" src=\"https:\/\/www.snowbirds.org\/wp-content\/uploads\/2019\/06\/placemats.gif\" alt=\"\" width=\"188\" height=\"122\" \/><\/p>\n<p>Chaque ann\u00e9e, l\u2019Association canadienne des \u00ab\u00a0snowbirds\u00a0\u00bb distribue GRATUITEMENT des milliers de napperons pour des \u00e9v\u00e9nements Club Canada! dans le sud des \u00c9tats-Unis! Prenez note que vous n\u2019avez pas besoin d\u2019annoncer votre \u00e9v\u00e9nement dans la liste d\u2019\u00e9v\u00e9nements Club Canada! pour commander vos napperons.<\/p>\n<p>Alors cliquez sur le lien ci-dessous pour commander votre provision de napperons. Vous les recevrez en quelques semaines seulement!<\/p>\n<p><a class=\"redbtn\" href=\"https:\/\/www.snowbirds.org\/csa\/orderplacemats.php?ln=fr\" target=\"poppup\"><strong>Commander des napperons<\/strong><\/a><\/p>\n<\/div>","protected":false},"excerpt":{"rendered":"<p>\u00c9v\u00e9nements Club Canada! L\u2019Association canadienne des \u00ab\u00a0snowbirds\u00a0\u00bb vous aide \u00e0 organiser des \u00e9v\u00e9nements Club Canada! dans le but de promouvoir et am\u00e9liorer le mode de vie des snowbirds en cr\u00e9ant un lien de communication entre snowbirds canadiens \u00e0 l\u2019\u00e9tranger. Si vous organisez ou souhaitez organiser un \u00e9v\u00e9nement Club Canada!, nous pouvons vous aider. Nous annoncerons [&hellip;]<\/p>\n","protected":false},"author":1,"featured_media":2840,"parent":832,"menu_order":0,"comment_status":"closed","ping_status":"closed","template":"template-benefits-single.php","meta":{"_acf_changed":false,"_monsterinsights_skip_tracking":false,"_monsterinsights_sitenote_active":false,"_monsterinsights_sitenote_note":"","_monsterinsights_sitenote_category":0,"_uf_show_specific_survey":0,"_uf_disable_surveys":false,"footnotes":""},"categories":[],"tags":[],"class_list":["post-2125","page","type-page","status-publish","has-post-thumbnail","hentry"],"acf":[],"_links":{"self":[{"href":"https:\/\/www.snowbirds.org\/fr\/wp-json\/wp\/v2\/pages\/2125","targetHints":{"allow":["GET"]}}],"collection":[{"href":"https:\/\/www.snowbirds.org\/fr\/wp-json\/wp\/v2\/pages"}],"about":[{"href":"https:\/\/www.snowbirds.org\/fr\/wp-json\/wp\/v2\/types\/page"}],"author":[{"embeddable":true,"href":"https:\/\/www.snowbirds.org\/fr\/wp-json\/wp\/v2\/users\/1"}],"replies":[{"embeddable":true,"href":"https:\/\/www.snowbirds.org\/fr\/wp-json\/wp\/v2\/comments?post=2125"}],"version-history":[{"count":5,"href":"https:\/\/www.snowbirds.org\/fr\/wp-json\/wp\/v2\/pages\/2125\/revisions"}],"predecessor-version":[{"id":2994,"href":"https:\/\/www.snowbirds.org\/fr\/wp-json\/wp\/v2\/pages\/2125\/revisions\/2994"}],"up":[{"embeddable":true,"href":"https:\/\/www.snowbirds.org\/fr\/wp-json\/wp\/v2\/pages\/832"}],"wp:featuredmedia":[{"embeddable":true,"href":"https:\/\/www.snowbirds.org\/fr\/wp-json\/wp\/v2\/media\/2840"}],"wp:attachment":[{"href":"https:\/\/www.snowbirds.org\/fr\/wp-json\/wp\/v2\/media?parent=2125"}],"wp:term":[{"taxonomy":"category","embeddable":true,"href":"https:\/\/www.snowbirds.org\/fr\/wp-json\/wp\/v2\/categories?post=2125"},{"taxonomy":"post_tag","embeddable":true,"href":"https:\/\/www.snowbirds.org\/fr\/wp-json\/wp\/v2\/tags?post=2125"}],"curies":[{"name":"wp","href":"https:\/\/api.w.org\/{rel}","templated":true}]}}