{"id":2130,"date":"2019-06-28T09:47:39","date_gmt":"2019-06-28T09:47:39","guid":{"rendered":"https:\/\/www.snowbirds.org\/?page_id=2130"},"modified":"2019-11-11T05:36:09","modified_gmt":"2019-11-11T05:36:09","slug":"csa-auto-home","status":"publish","type":"page","link":"https:\/\/www.snowbirds.org\/fr\/member-benefits\/csa-auto-home\/","title":{"rendered":"Assurance auto et habitation"},"content":{"rendered":"<div id=\"modal-ready\"><div class=\"bulletPoints\">\n<ul>\n<li><i class=\"fa fa-check-circle-o\" aria-hidden=\"true\"><\/i>Remises Premium<\/li>\n<li><i class=\"fa fa-check-circle-o\" aria-hidden=\"true\"><\/i>Unique Avantages<\/li>\n<li><i class=\"fa fa-check-circle-o\" aria-hidden=\"true\"><\/i>Accumuler des points Air Miles<\/li>\n<\/ul>\n<\/div>\n<p>Le <strong>r\u00e9gime d\u2019assurance auto et habitation de la CSA<\/strong> a \u00e9t\u00e9 sp\u00e9cialement con\u00e7u et mis en \u0153uvre pour les membres de l\u2019Association canadienne des snowbirds.<\/p>\n<p><strong>1-800-267-8000<\/strong> ou GTA<strong> 416-441-7029<\/strong><\/p>\n<p><a class=\"redbtn\" href=\"https:\/\/www.snowbirds.org\/csa-auto-home\/\">Lire plus<\/a><\/p>\n<p>&nbsp;<\/p>\n<\/div>","protected":false},"excerpt":{"rendered":"<p>Remises Premium Unique Avantages Accumuler des points Air Miles Le r\u00e9gime d\u2019assurance auto et habitation de la CSA a \u00e9t\u00e9 sp\u00e9cialement con\u00e7u et mis en \u0153uvre pour les membres de l\u2019Association canadienne des snowbirds. 1-800-267-8000 ou GTA 416-441-7029 Lire plus &nbsp;<\/p>\n","protected":false},"author":1,"featured_media":2844,"parent":832,"menu_order":0,"comment_status":"closed","ping_status":"closed","template":"template-benefits-single.php","meta":{"_acf_changed":false,"_monsterinsights_skip_tracking":false,"_monsterinsights_sitenote_active":false,"_monsterinsights_sitenote_note":"","_monsterinsights_sitenote_category":0,"_uf_show_specific_survey":0,"_uf_disable_surveys":false,"footnotes":""},"categories":[],"tags":[],"class_list":["post-2130","page","type-page","status-publish","has-post-thumbnail","hentry"],"acf":[],"_links":{"self":[{"href":"https:\/\/www.snowbirds.org\/fr\/wp-json\/wp\/v2\/pages\/2130","targetHints":{"allow":["GET"]}}],"collection":[{"href":"https:\/\/www.snowbirds.org\/fr\/wp-json\/wp\/v2\/pages"}],"about":[{"href":"https:\/\/www.snowbirds.org\/fr\/wp-json\/wp\/v2\/types\/page"}],"author":[{"embeddable":true,"href":"https:\/\/www.snowbirds.org\/fr\/wp-json\/wp\/v2\/users\/1"}],"replies":[{"embeddable":true,"href":"https:\/\/www.snowbirds.org\/fr\/wp-json\/wp\/v2\/comments?post=2130"}],"version-history":[{"count":11,"href":"https:\/\/www.snowbirds.org\/fr\/wp-json\/wp\/v2\/pages\/2130\/revisions"}],"predecessor-version":[{"id":2845,"href":"https:\/\/www.snowbirds.org\/fr\/wp-json\/wp\/v2\/pages\/2130\/revisions\/2845"}],"up":[{"embeddable":true,"href":"https:\/\/www.snowbirds.org\/fr\/wp-json\/wp\/v2\/pages\/832"}],"wp:featuredmedia":[{"embeddable":true,"href":"https:\/\/www.snowbirds.org\/fr\/wp-json\/wp\/v2\/media\/2844"}],"wp:attachment":[{"href":"https:\/\/www.snowbirds.org\/fr\/wp-json\/wp\/v2\/media?parent=2130"}],"wp:term":[{"taxonomy":"category","embeddable":true,"href":"https:\/\/www.snowbirds.org\/fr\/wp-json\/wp\/v2\/categories?post=2130"},{"taxonomy":"post_tag","embeddable":true,"href":"https:\/\/www.snowbirds.org\/fr\/wp-json\/wp\/v2\/tags?post=2130"}],"curies":[{"name":"wp","href":"https:\/\/api.w.org\/{rel}","templated":true}]}}