{"id":2142,"date":"2019-06-28T10:19:54","date_gmt":"2019-06-28T10:19:54","guid":{"rendered":"https:\/\/www.snowbirds.org\/?page_id=2142"},"modified":"2025-03-06T11:04:58","modified_gmt":"2025-03-06T11:04:58","slug":"csa-auto-club","status":"publish","type":"page","link":"https:\/\/www.snowbirds.org\/fr\/member-benefits\/csa-auto-club\/","title":{"rendered":"Auto Club de l\u2019ACS"},"content":{"rendered":"<div id=\"modal-ready\"><div class=\"bulletPoints\">\n<ul>\n<li><i class=\"fa fa-check-circle-o\" aria-hidden=\"true\"><\/i>Seulement $54.00! * CDN<\/li>\n<li><i class=\"fa fa-check-circle-o\" aria-hidden=\"true\"><\/i>9 grands avantages<\/li>\n<li><i class=\"fa fa-check-circle-o\" aria-hidden=\"true\"><\/i>Plus rapide et moins cher<\/li>\n<\/ul>\n<\/div>\n<p>(TPS incluse) * Les r\u00e9sidents canadiens uniquement.<\/p>\n<p><strong>PEU IMPORTE O\u00d9 LE CHEMIN VOUS M\u00c8NE, VOUS NE SEREZ JAMAIS SEUL.<\/strong><\/p>\n<p>Gr\u00e2ce \u00e0 l\u2019Auto Club de l\u2019ACS, fini l\u2019attente pour la bonne d\u00e9panneuse, une attente qui fait souvent perdre des heures. Si votre v\u00e9hicule tombe en panne, vous pourrez recourir \u00e0 n\u2019importe quel v\u00e9hicule de service et m\u00eame en arr\u00eater un qui passe sur votre chemin. Voil\u00e0 un service rapide et efficace*. Postez simplement votre r\u00e9clamation accompagn\u00e9e des re\u00e7us \u00e0 l\u2019Auto Club de l\u2019ACS et vous recevrez un remboursement dans les 30 jours ouvrables, conform\u00e9ment au contrat de l\u2019Auto Club.<\/p>\n<p><strong><a class=\"redbtn\" href=\"https:\/\/www.snowbirds.org\/csa\/csa-acr-autoclub-reg.php?ln=fr\" target=\"popup\" rel=\"noopener\">Adh\u00e9rez en ligne<\/a><\/strong><\/p>\n<p><b>REMORQUAGE (MAX. 100 $)<\/b><br \/>\nPour chaque r\u00e9clamation de frais de remorquage pr\u00e9sent\u00e9e, l\u2019Auto Club de l\u2019ACS vous remboursera vos frais de remorquage \u00e0 concurrence de 100 $CA.<\/p>\n<p><b>SERVICE DE CHANGEMENT DE PNEU (MAX. 100 $)<\/b><br \/>\nPour chaque r\u00e9clamation de frais de changement de pneu pr\u00e9sent\u00e9e, l\u2019Auto Club de l\u2019ACS vous remboursera le service \u00e0 concurrence de 100 $CA. La r\u00e9clamation ne doit couvrir que les frais du service et exclut le co\u00fbt des r\u00e9parations au(x) pneu(s) en question et du mat\u00e9riel.<\/p>\n<p><b>RECHARGE DE BATTERIE (MAX. 100 $)<\/b><\/p>\n<p>Toute r\u00e9clamation de frais de recharge de batterie ne doit couvrir que le service, et non le co\u00fbt d\u2019une nouvelle batterie, de la r\u00e9paration de la batterie, de la location ou du retour d\u2019une batterie. L\u2019Auto Club de l\u2019ACS vous remboursera le service \u00e0 concurrence de 100 $CA.<\/p>\n<p><b>LIVRAISON DE CARBURANT (MAX. 100 $)<\/b><\/p>\n<p>Toute r\u00e9clamation de frais de livraison de carburant ne doit couvrir que le service d\u2019un fournisseur, et non le co\u00fbt du carburant. L\u2019Auto Club de l\u2019ACS vous remboursera le service \u00e0 concurrence de 100 $CA.<\/p>\n<p><b>PORTES DU V\u00c9HICULE VERROUILL\u00c9ES (MAX. 100 $)<\/b><br \/>\n<b>(LE PREMIER INCIDENT EST CONSID\u00c9R\u00c9 COMME UN APPEL DE SERVICE SI LES FRAIS SONT DE PLUS DE 20 $.)<\/b><\/p>\n<p>Si les cl\u00e9s du v\u00e9hicule sont perdues, ou qu\u2019une personne ne peut entrer dans le v\u00e9hicule parce que les portes sont verrouill\u00e9es, vous serez rembours\u00e9 pour les services d\u2019un serrurier professionnel \u00e0 concurrence de 100 $CA par incident. Si la premi\u00e8re r\u00e9clamation de l\u2019ann\u00e9e d\u2019adh\u00e9sion concerne un serrurier, et que les frais sont de moins de 20 $CA, la r\u00e9clamation ne fera pas partie des cinq r\u00e9clamations admissibles.<\/p>\n<p><b>D\u00c9GAGEMENT\/TREUIL (MAX. 100 $)<\/b><br \/>\nSi votre v\u00e9hicule d\u00e9rape et reste pris dans un foss\u00e9 ou une d\u00e9pression, et qu\u2019il doit en \u00eatre d\u00e9gag\u00e9 \u00e0 l\u2019aide d\u2019un treuil, l\u2019Auto Club de l\u2019ACS vous remboursera le service \u00e0 concurrence de 100 $CA.<\/p>\n<p><b>CAUTIONNEMENT POUR ARRESTATION OU REMBOURSEMENT (MAX. 550 $)<\/b><br \/>\nSi vous \u00eates arr\u00eat\u00e9 pour une infraction au code de la route et que vous \u00eates clairement innocent des accusations, l\u2019Auto Club de l\u2019ACS, sur pr\u00e9sentation des preuves, vous remboursera le montant de la garantie de cautionnement, \u00e0 concurrence de 550 $CA. L\u2019Auto Club de l\u2019ACS n\u2019accordera aucun remboursement dans le cas de toute n\u00e9gligence ou infraction non admissible, notamment la conduite sous l\u2019influence de l\u2019alcool ou de drogues, le d\u00e9faut de compara\u00eetre pour toute infraction ant\u00e9rieure, la conduite malgr\u00e9 la suspension ou la r\u00e9vocation du permis de conduire, ou tout acte d\u00e9lictueux grave. Prenez note que le montant cumulatif total r\u00e9clam\u00e9 pour la garantie de cautionnement, la d\u00e9fense juridique et l\u2019assistance en cas d\u2019accident de la route ne peut exc\u00e9der 1000 $CA.<\/p>\n<p><b>REMBOURSEMENT DES FRAIS DE D\u00c9FENSE JURIDIQUE (MAX. 550 $)<\/b><br \/>\nSi vous \u00eates accus\u00e9 d\u2019une infraction au code de la route, que vous avez besoin de consultation juridique et que vous \u00eates clairement innocent des accusations, l\u2019Auto Club de l\u2019ACS, sur pr\u00e9sentation des preuves, vous remboursera le co\u00fbt de votre d\u00e9fense juridique, \u00e0 concurrence de 550 $CA pour les frais juridiques OU jusqu\u2019\u00e0 10 % des frais de consultation juridique. Le membre doit pr\u00e9ciser clairement ce qui est vis\u00e9 par la r\u00e9clamation et faire parvenir \u00e0 l\u2019Auto Club de l\u2019ACS une copie du relev\u00e9 des frais juridiques lorsque la r\u00e9clamation est pr\u00e9sent\u00e9e \u00e0 l\u2019Auto Club de l\u2019ACS. Le conseiller juridique ne peut d\u2019aucune fa\u00e7on avoir un lien de parent\u00e9 avec le r\u00e9clamant. Prenez note que le montant cumulatif total r\u00e9clam\u00e9 pour la garantie de cautionnement, la d\u00e9fense juridique et l\u2019assistance en cas d\u2019accident de la route ne peut exc\u00e9der 1000 $CA.<\/p>\n<p><b>ASSISTANCE EN CAS D\u2019ACCIDENT (MAX. 550 $)<br \/>\nDOIT \u00caTRE \u00c0 PLUS DE 250 KM DU LIEU DE R\u00c9SIDENCE.<\/b><br \/>\nSi vous \u00eates impliqu\u00e9 dans un accident et que vous n\u2019\u00eates clairement pas fautif, l\u2019Auto Club de l\u2019ACS, sur pr\u00e9sentation des preuves, vous remboursera \u00e0 concurrence de 550 $CA les frais de transport commercial pour vous rendre \u00e0 votre destination pr\u00e9vue et retourner r\u00e9cup\u00e9rer le v\u00e9hicule r\u00e9par\u00e9. Le r\u00e9clamant doit obtenir un rapport de police et en soumettre le num\u00e9ro avec sa r\u00e9clamation \u00e0 l\u2019Auto Club de l\u2019ACS. Les frais de subsistance li\u00e9s \u00e0 l\u2019accident sont couverts par l\u2019Auto Club de l\u2019ACS si l\u2019accident se produit \u00e0 plus de 250 km de votre lieu de r\u00e9sidence. Les prestations comprennent l\u2019h\u00e9bergement, les repas et la location d\u2019une voiture. Vous devez joindre les copies de vos re\u00e7us \u00e0 votre r\u00e9clamation. Prenez note que le montant cumulatif total r\u00e9clam\u00e9 pour la garantie de cautionnement, la d\u00e9fense juridique et l\u2019assistance en cas d\u2019accident de la route ne peut exc\u00e9der 1000 $CA.<\/p>\n<p><b>Pour en savoir plus, appelez-nous au 1-800-265-5132 ou au 416-391-9090 dans la r\u00e9gion de Toronto.<\/b><\/p>\n<p><a class=\"redbtn\" href=\"https:\/\/www.snowbirds.org\/csa\/autoclub-reg.php?ln=fr\" target=\"popup\" data-wplink-edit=\"true\" rel=\"noopener\">Adh\u00e9rez en ligne<\/a><\/p>\n<\/div>","protected":false},"excerpt":{"rendered":"<p>Seulement $54.00! * CDN 9 grands avantages Plus rapide et moins cher (TPS incluse) * Les r\u00e9sidents canadiens uniquement. PEU IMPORTE O\u00d9 LE CHEMIN VOUS M\u00c8NE, VOUS NE SEREZ JAMAIS SEUL. Gr\u00e2ce \u00e0 l\u2019Auto Club de l\u2019ACS, fini l\u2019attente pour la bonne d\u00e9panneuse, une attente qui fait souvent perdre des heures. Si votre v\u00e9hicule tombe [&hellip;]<\/p>\n","protected":false},"author":1,"featured_media":2847,"parent":832,"menu_order":0,"comment_status":"closed","ping_status":"closed","template":"template-benefits-single.php","meta":{"_acf_changed":false,"_monsterinsights_skip_tracking":false,"_monsterinsights_sitenote_active":false,"_monsterinsights_sitenote_note":"","_monsterinsights_sitenote_category":0,"_uf_show_specific_survey":0,"_uf_disable_surveys":false,"footnotes":""},"categories":[],"tags":[],"class_list":["post-2142","page","type-page","status-publish","has-post-thumbnail","hentry"],"acf":[],"_links":{"self":[{"href":"https:\/\/www.snowbirds.org\/fr\/wp-json\/wp\/v2\/pages\/2142","targetHints":{"allow":["GET"]}}],"collection":[{"href":"https:\/\/www.snowbirds.org\/fr\/wp-json\/wp\/v2\/pages"}],"about":[{"href":"https:\/\/www.snowbirds.org\/fr\/wp-json\/wp\/v2\/types\/page"}],"author":[{"embeddable":true,"href":"https:\/\/www.snowbirds.org\/fr\/wp-json\/wp\/v2\/users\/1"}],"replies":[{"embeddable":true,"href":"https:\/\/www.snowbirds.org\/fr\/wp-json\/wp\/v2\/comments?post=2142"}],"version-history":[{"count":10,"href":"https:\/\/www.snowbirds.org\/fr\/wp-json\/wp\/v2\/pages\/2142\/revisions"}],"predecessor-version":[{"id":4939,"href":"https:\/\/www.snowbirds.org\/fr\/wp-json\/wp\/v2\/pages\/2142\/revisions\/4939"}],"up":[{"embeddable":true,"href":"https:\/\/www.snowbirds.org\/fr\/wp-json\/wp\/v2\/pages\/832"}],"wp:featuredmedia":[{"embeddable":true,"href":"https:\/\/www.snowbirds.org\/fr\/wp-json\/wp\/v2\/media\/2847"}],"wp:attachment":[{"href":"https:\/\/www.snowbirds.org\/fr\/wp-json\/wp\/v2\/media?parent=2142"}],"wp:term":[{"taxonomy":"category","embeddable":true,"href":"https:\/\/www.snowbirds.org\/fr\/wp-json\/wp\/v2\/categories?post=2142"},{"taxonomy":"post_tag","embeddable":true,"href":"https:\/\/www.snowbirds.org\/fr\/wp-json\/wp\/v2\/tags?post=2142"}],"curies":[{"name":"wp","href":"https:\/\/api.w.org\/{rel}","templated":true}]}}