{"id":2303,"date":"2019-08-01T03:31:52","date_gmt":"2019-08-01T03:31:52","guid":{"rendered":"https:\/\/www.snowbirds.org\/?page_id=2303\/"},"modified":"2019-10-11T18:40:13","modified_gmt":"2019-10-11T18:40:13","slug":"publications-de-lacs","status":"publish","type":"page","link":"https:\/\/www.snowbirds.org\/fr\/member-benefits\/publications-de-lacs\/","title":{"rendered":"Publications de l&rsquo;ACS"},"content":{"rendered":"<div id=\"modal-ready\"><p>L\u2019Association canadienne des \u00ab\u00a0snowbirds\u00a0\u00bb produit une s\u00e9rie de publications destin\u00e9es \u00e0 fournir \u00e0 ses membres l\u2019information qu\u2019il leur faut avant et pendant leur voyage \u00e0 l\u2019\u00e9tranger\u00a0: le Guide des voyageurs de l\u2019ACS (pour les membres seulement), le magazine <em>Nouvelles \u00ab\u00a0CSA\u00a0\u00bb<\/em>, le Guide du membre de l\u2019ACS, l\u2019Aide-m\u00e9moire du voyageur de l\u2019ACS, le Bulletin de rendement \u00e0 l\u2019intention des voyageurs canadiens, les guides des \u00e9lections provinciales, et plus encore.<\/p>\n<\/div>","protected":false},"excerpt":{"rendered":"<p>L\u2019Association canadienne des \u00ab\u00a0snowbirds\u00a0\u00bb produit une s\u00e9rie de publications destin\u00e9es \u00e0 fournir \u00e0 ses membres l\u2019information qu\u2019il leur faut avant et pendant leur voyage \u00e0 l\u2019\u00e9tranger\u00a0: le Guide des voyageurs de l\u2019ACS (pour les membres seulement), le magazine Nouvelles \u00ab\u00a0CSA\u00a0\u00bb, le Guide du membre de l\u2019ACS, l\u2019Aide-m\u00e9moire du voyageur de l\u2019ACS, le Bulletin de rendement [&hellip;]<\/p>\n","protected":false},"author":1,"featured_media":0,"parent":832,"menu_order":0,"comment_status":"closed","ping_status":"closed","template":"template-publications.php","meta":{"_acf_changed":false,"_monsterinsights_skip_tracking":false,"_monsterinsights_sitenote_active":false,"_monsterinsights_sitenote_note":"","_monsterinsights_sitenote_category":0,"_uf_show_specific_survey":0,"_uf_disable_surveys":false,"footnotes":""},"categories":[],"tags":[],"class_list":["post-2303","page","type-page","status-publish","hentry"],"acf":[],"_links":{"self":[{"href":"https:\/\/www.snowbirds.org\/fr\/wp-json\/wp\/v2\/pages\/2303","targetHints":{"allow":["GET"]}}],"collection":[{"href":"https:\/\/www.snowbirds.org\/fr\/wp-json\/wp\/v2\/pages"}],"about":[{"href":"https:\/\/www.snowbirds.org\/fr\/wp-json\/wp\/v2\/types\/page"}],"author":[{"embeddable":true,"href":"https:\/\/www.snowbirds.org\/fr\/wp-json\/wp\/v2\/users\/1"}],"replies":[{"embeddable":true,"href":"https:\/\/www.snowbirds.org\/fr\/wp-json\/wp\/v2\/comments?post=2303"}],"version-history":[{"count":2,"href":"https:\/\/www.snowbirds.org\/fr\/wp-json\/wp\/v2\/pages\/2303\/revisions"}],"predecessor-version":[{"id":2904,"href":"https:\/\/www.snowbirds.org\/fr\/wp-json\/wp\/v2\/pages\/2303\/revisions\/2904"}],"up":[{"embeddable":true,"href":"https:\/\/www.snowbirds.org\/fr\/wp-json\/wp\/v2\/pages\/832"}],"wp:attachment":[{"href":"https:\/\/www.snowbirds.org\/fr\/wp-json\/wp\/v2\/media?parent=2303"}],"wp:term":[{"taxonomy":"category","embeddable":true,"href":"https:\/\/www.snowbirds.org\/fr\/wp-json\/wp\/v2\/categories?post=2303"},{"taxonomy":"post_tag","embeddable":true,"href":"https:\/\/www.snowbirds.org\/fr\/wp-json\/wp\/v2\/tags?post=2303"}],"curies":[{"name":"wp","href":"https:\/\/api.w.org\/{rel}","templated":true}]}}