{"id":2616,"date":"2019-09-04T11:29:23","date_gmt":"2019-09-04T11:29:23","guid":{"rendered":"https:\/\/www.snowbirds.org\/?page_id=2616\/"},"modified":"2019-10-15T08:57:49","modified_gmt":"2019-10-15T08:57:49","slug":"programme-de-plaque-dimmatriculation-de-lacs","status":"publish","type":"page","link":"https:\/\/www.snowbirds.org\/fr\/member-benefits\/programme-de-plaque-dimmatriculation-de-lacs\/","title":{"rendered":"Programme de plaque d\u2019immatriculation de l\u2019ACS"},"content":{"rendered":"<div id=\"modal-ready\"><p>L\u2019Association canadienne des \u00ab snowbirds \u00bb est fi\u00e8re de vous pr\u00e9senter son programme de plaque d\u2019immatriculation avec logo de l\u2019ACS pour membres r\u00e9sidant en Ontario.<\/p>\n<p>Appuyez le mode de vie des snowbirds et autres voyageurs canadiens en affichant fi\u00e8rement le logo officiel de l\u2019ACS sur votre plaque d\u2019immatriculation ontarienne.<\/p>\n<p>Lorsque vous vous d\u00e9placerez au Canada et aux \u00c9tats-Unis, les autres voyageurs canadiens remarqueront le logo de l\u2019ACS sur votre plaque. Nous esp\u00e9rons que cela piquera leur curiosit\u00e9 pour l\u2019Association et ses importantes activit\u00e9s :<\/p>\n<blockquote><p>L\u2019Association canadienne des \u00ab snowbirds \u00bb a pour mandat de d\u00e9fendre activement les droits et privil\u00e8ges des voyageurs canadiens.<\/p><\/blockquote>\n<p>L\u2019ACS a fait apposer son logo sur un certain nombre de plaques d\u2019immatriculation, qu\u2019elle peut vendre au grand public. Il n\u2019est pas n\u00e9cessaire d\u2019\u00eatre membre de l\u2019ACS pour acheter ces plaques.<\/p>\n<p>Les plaques d\u2019immatriculation avec logo de l\u2019ACS ont un num\u00e9ro pr\u00e9d\u00e9termin\u00e9, qui va de 01CS01 \u00e0 01CS99 et de 02CS0 \u00e0 02CS99.<\/p>\n<p>&nbsp;<\/p>\n<p style=\"text-align: center;\"><img loading=\"lazy\" decoding=\"async\" class=\"aligncenter size-medium\" src=\"https:\/\/www.snowbirds.org\/wp-content\/uploads\/2019\/09\/Ontario-CSA-License-plate.jpg\" alt=\"Ontario-CSA-License-plate\" width=\"400\" height=\"199\" \/><\/p>\n<p style=\"text-align: center;\"><span style=\"color: red;\">*Image \u00e0 titre d\u2019exemple seulement. Les couleurs et la r\u00e9solution des plaques <\/span><span style=\"color: red;\">peuvent \u00eatre diff\u00e9rentes de cette image.<\/span><\/p>\n<p>&nbsp;<\/p>\n<p><strong>Comment puis-je commander mes plaques avec logo de l\u2019ACS?<\/strong><\/p>\n<p>L\u2019ACS vous propose les plaques avec logo de l\u2019ACS au prix de 82,15 $CA (TVH incluse).<\/p>\n<p>Si vous commandez par la poste, ajoutez les frais d\u2019envoi de 7,50 $ (qui ne sont pas factur\u00e9s si vous venez chercher les plaques au bureau de l\u2019ACS).<\/p>\n<p>Pour commander \u00e0 l\u2019aide d\u2019une carte de cr\u00e9dit, appelez-nous au 1-800-265-3200.<br \/>\nN.B. : Si vous partez bient\u00f4t, il s\u2019agit du moyen le plus rapide pour commander vos plaques de l\u2019ACS.<\/p>\n<p>Pour commander par la poste, envoyez-nous votre paiement int\u00e9gral et les nom et adresse du titulaire de la plaque.<\/p>\n<p>Ch\u00e8ques payables \u00e0 :<\/p>\n<div style=\"padding-left: 50px;\">\n<p><b>Association canadienne des \u00ab snowbirds \u00bb<br \/>\n180, chemin Lesmill<br \/>\nToronto (Ontario) M3B 2T5<\/b><\/p>\n<\/div>\n<p>*Lorsque vous passez votre commande, incluez le paiement int\u00e9gral et les nom et adresse du titulaire des plaques d\u2019immatriculation avec logo de l\u2019ACS (l\u2019acheteur peut \u00eatre une autre personne). Si l\u2019adresse de livraison n\u2019est pas celle de l\u2019acheteur ou du titulaire des plaques, veuillez l\u2019indiquer.<\/p>\n<p>**Pr\u00e9voyez de 4 \u00e0 6 semaines pour la livraison postale. Cependant, nous devrions \u00eatre en mesure d\u2019exp\u00e9dier les plaques quelques jours ouvrables apr\u00e8s r\u00e9ception de la commande.<\/p>\n<p><strong>Renseignements g\u00e9n\u00e9raux<\/strong><\/p>\n<p>Les plaques d\u2019immatriculation avec logo de l\u2019ACS sont actuellement la propri\u00e9t\u00e9 de l\u2019Association canadienne des \u00ab snowbirds \u00bb. L\u2019ACS en transf\u00e9rera la propri\u00e9t\u00e9 \u00e0 l\u2019acheteur lorsque la vente sera conclue avec ce dernier.<\/p>\n<p>L\u2019acheteur n\u2019est pas oblig\u00e9 d\u2019\u00eatre titulaire des plaques d\u2019immatriculation avec logo de l\u2019ACS. La propri\u00e9t\u00e9 peut \u00eatre transf\u00e9r\u00e9e, \u00e0 titre de cadeau, \u00e0 une tierce partie nomm\u00e9e, comme un ami ou un conjoint.<\/p>\n<p>Nous n\u2019avons pas besoin du num\u00e9ro de permis de conduire du titulaire des plaques d\u2019immatriculation avec logo de l\u2019ACS.<\/p>\n<p>Nous n\u2019avons pas besoin des num\u00e9ros d\u2019identification et d\u2019immatriculation du v\u00e9hicule.<\/p>\n<p><strong>Vignettes de validation<\/strong><\/p>\n<p>Les plaques d\u2019immatriculation avec logo de l\u2019ACS, tout comme les plaques ordinaires, n\u00e9cessitent une vignette de validation annuelle pour que l\u2019immatriculation soit valide. Le nouveau propri\u00e9taire des plaques doit assumer le co\u00fbt des vignettes de validation, qui ne sont pas incluses dans la vente des plaques d\u2019immatriculation avec logo de l\u2019ACS.<\/p>\n<p>Si les vignettes de validation ne sont pas encore expir\u00e9es, la p\u00e9riode restante sera transf\u00e9r\u00e9e aux nouvelles vignettes \u00e0 apposer sur les plaques d\u2019immatriculation avec logo de l\u2019ACS. Par exemple, si vous avez renouvel\u00e9 vos vignettes de validation en novembre pour une p\u00e9riode de 12 mois, les nouvelles vignettes vous seront d\u00e9livr\u00e9es avec la m\u00eame date d\u2019expiration sans frais suppl\u00e9mentaires.<\/p>\n<p><strong>Immatriculation<\/strong><\/p>\n<p>Pour avoir le droit d\u2019installer ses plaques d\u2019immatriculation avec logo de l\u2019ACS sur son v\u00e9hicule, le titulaire devra pr\u00e9senter les pi\u00e8ces suivantes \u00e0 un Bureau d&rsquo;immatriculation et de d\u00e9livrance des permis de conduire :<\/p>\n<div style=\"padding-left: 50px;\">\n<p><b><br \/>\nLettre de transfert<br \/>\nCertificat d&rsquo;immatriculation du v\u00e9hicule<br \/>\nPreuve d\u2019assurance valide<br \/>\nPlaques existantes<\/b><\/p>\n<\/div>\n<p>Les plaques serviront \u00e0 immatriculer le v\u00e9hicule choisi par le titulaire.<\/p>\n<p>Aucuns frais d\u2019administration ne sont exig\u00e9s pour le transfert des plaques avec logo de l\u2019ACS \u00e0 un v\u00e9hicule l\u00e9galement immatricul\u00e9 en Ontario.<\/p>\n<p><strong>Plaques d\u2019immatriculation personnalis\u00e9es avec logo de l\u2019ACS<\/strong><\/p>\n<p>Les plaques d\u2019immatriculation personnalis\u00e9es avec logo de l\u2019ACS sont disponibles seulement aupr\u00e8s du minist\u00e8re des Transports de l\u2019Ontario ou sur le site Web de Service Ontario au co\u00fbt de 336,40 $ (TVH incluse).<\/p>\n<p>Visitez un Bureau d&rsquo;immatriculation et de d\u00e9livrance des permis de conduire<br \/>\nAppelez au <strong>1 800 267-8097<\/strong><br \/>\nVisitez le site Web de Service Ontario : <a href=\"https:\/\/www.ontario.ca\/fr\/page\/services\">www.ServiceOntario.ca<\/a><\/p>\n<p>Les plaques d\u2019immatriculation personnalis\u00e9es avec logo de l\u2019ACS ne peuvent comporter que six caract\u00e8res.<br \/>\nPar exemple : <strong>GR8DVR<\/strong> ou <strong>ACSUSA<\/strong>.<\/p>\n<\/div>","protected":false},"excerpt":{"rendered":"<p>L\u2019Association canadienne des \u00ab snowbirds \u00bb est fi\u00e8re de vous pr\u00e9senter son programme de plaque d\u2019immatriculation avec logo de l\u2019ACS pour membres r\u00e9sidant en Ontario. Appuyez le mode de vie des snowbirds et autres voyageurs canadiens en affichant fi\u00e8rement le logo officiel de l\u2019ACS sur votre plaque d\u2019immatriculation ontarienne. Lorsque vous vous d\u00e9placerez au Canada [&hellip;]<\/p>\n","protected":false},"author":1,"featured_media":2610,"parent":832,"menu_order":0,"comment_status":"closed","ping_status":"closed","template":"template-benefits-single.php","meta":{"_acf_changed":false,"_monsterinsights_skip_tracking":false,"_monsterinsights_sitenote_active":false,"_monsterinsights_sitenote_note":"","_monsterinsights_sitenote_category":0,"_uf_show_specific_survey":0,"_uf_disable_surveys":false,"footnotes":""},"categories":[],"tags":[],"class_list":["post-2616","page","type-page","status-publish","has-post-thumbnail","hentry"],"acf":[],"_links":{"self":[{"href":"https:\/\/www.snowbirds.org\/fr\/wp-json\/wp\/v2\/pages\/2616","targetHints":{"allow":["GET"]}}],"collection":[{"href":"https:\/\/www.snowbirds.org\/fr\/wp-json\/wp\/v2\/pages"}],"about":[{"href":"https:\/\/www.snowbirds.org\/fr\/wp-json\/wp\/v2\/types\/page"}],"author":[{"embeddable":true,"href":"https:\/\/www.snowbirds.org\/fr\/wp-json\/wp\/v2\/users\/1"}],"replies":[{"embeddable":true,"href":"https:\/\/www.snowbirds.org\/fr\/wp-json\/wp\/v2\/comments?post=2616"}],"version-history":[{"count":6,"href":"https:\/\/www.snowbirds.org\/fr\/wp-json\/wp\/v2\/pages\/2616\/revisions"}],"predecessor-version":[{"id":2930,"href":"https:\/\/www.snowbirds.org\/fr\/wp-json\/wp\/v2\/pages\/2616\/revisions\/2930"}],"up":[{"embeddable":true,"href":"https:\/\/www.snowbirds.org\/fr\/wp-json\/wp\/v2\/pages\/832"}],"wp:featuredmedia":[{"embeddable":true,"href":"https:\/\/www.snowbirds.org\/fr\/wp-json\/wp\/v2\/media\/2610"}],"wp:attachment":[{"href":"https:\/\/www.snowbirds.org\/fr\/wp-json\/wp\/v2\/media?parent=2616"}],"wp:term":[{"taxonomy":"category","embeddable":true,"href":"https:\/\/www.snowbirds.org\/fr\/wp-json\/wp\/v2\/categories?post=2616"},{"taxonomy":"post_tag","embeddable":true,"href":"https:\/\/www.snowbirds.org\/fr\/wp-json\/wp\/v2\/tags?post=2616"}],"curies":[{"name":"wp","href":"https:\/\/api.w.org\/{rel}","templated":true}]}}