{"id":2826,"date":"2019-10-03T06:43:23","date_gmt":"2019-10-03T06:43:23","guid":{"rendered":"https:\/\/www.snowbirds.org\/?page_id=2826\/"},"modified":"2023-06-07T12:47:19","modified_gmt":"2023-06-07T12:47:19","slug":"bulletin-de-rendement-mises-a-jour","status":"publish","type":"page","link":"https:\/\/www.snowbirds.org\/fr\/member-benefits\/bulletin-de-rendement-mises-a-jour\/","title":{"rendered":"Bulletin de Rendement &#8211; Mises \u00e0 jour"},"content":{"rendered":"<div id=\"modal-ready\"><p><strong>BULLETIN DE RENDEMENT \u00e0 l\u2019intention des voyageurs canadiens \u2014 Mises \u00e0 jour<\/strong><\/p>\n<p>L\u2019ACS publie tous les 2 ou 3 ans le Bulletin de rendement \u00e0 l\u2019intention des voyageurs canadiens. Il s\u2019agit d\u2019une \u00e9valuation des politiques et pratiques gouvernementales d\u2019int\u00e9r\u00eat pour les Canadiens qui voyagent. Entre ces \u00e9ditions, il arrive que les gouvernements f\u00e9d\u00e9ral, provinciaux et territoriaux modifient leurs politiques et lois touchant les voyages. Nous avons donc d\u00e9cid\u00e9 de publier des mises \u00e0 jour sur la pr\u00e9sente page. Notre but : offrir aux voyageurs canadiens l\u2019information la plus courante sur les questions qui les touchent le plus, et reconna\u00eetre sans d\u00e9lai les efforts des gouvernements pour trouver des solutions.<\/p>\n<p style=\"text-align: center;\"><a class=\"redbtn\" href=\"https:\/\/www.snowbirds.org\/fr\/publications\/lacs-bulletin-de-rendement\/\" target=\"_blank\" rel=\"noopener\">L\u2019ACS Bulletin de rendement<\/a><\/p>\n<\/div>","protected":false},"excerpt":{"rendered":"<p>BULLETIN DE RENDEMENT \u00e0 l\u2019intention des voyageurs canadiens \u2014 Mises \u00e0 jour L\u2019ACS publie tous les 2 ou 3 ans le Bulletin de rendement \u00e0 l\u2019intention des voyageurs canadiens. Il s\u2019agit d\u2019une \u00e9valuation des politiques et pratiques gouvernementales d\u2019int\u00e9r\u00eat pour les Canadiens qui voyagent. Entre ces \u00e9ditions, il arrive que les gouvernements f\u00e9d\u00e9ral, provinciaux et [&hellip;]<\/p>\n","protected":false},"author":1,"featured_media":2823,"parent":832,"menu_order":0,"comment_status":"closed","ping_status":"closed","template":"template-reportcard-updates.php","meta":{"_acf_changed":false,"_monsterinsights_skip_tracking":false,"_monsterinsights_sitenote_active":false,"_monsterinsights_sitenote_note":"","_monsterinsights_sitenote_category":0,"_uf_show_specific_survey":0,"_uf_disable_surveys":false,"footnotes":""},"categories":[],"tags":[],"class_list":["post-2826","page","type-page","status-publish","has-post-thumbnail","hentry"],"acf":[],"_links":{"self":[{"href":"https:\/\/www.snowbirds.org\/fr\/wp-json\/wp\/v2\/pages\/2826","targetHints":{"allow":["GET"]}}],"collection":[{"href":"https:\/\/www.snowbirds.org\/fr\/wp-json\/wp\/v2\/pages"}],"about":[{"href":"https:\/\/www.snowbirds.org\/fr\/wp-json\/wp\/v2\/types\/page"}],"author":[{"embeddable":true,"href":"https:\/\/www.snowbirds.org\/fr\/wp-json\/wp\/v2\/users\/1"}],"replies":[{"embeddable":true,"href":"https:\/\/www.snowbirds.org\/fr\/wp-json\/wp\/v2\/comments?post=2826"}],"version-history":[{"count":2,"href":"https:\/\/www.snowbirds.org\/fr\/wp-json\/wp\/v2\/pages\/2826\/revisions"}],"predecessor-version":[{"id":4286,"href":"https:\/\/www.snowbirds.org\/fr\/wp-json\/wp\/v2\/pages\/2826\/revisions\/4286"}],"up":[{"embeddable":true,"href":"https:\/\/www.snowbirds.org\/fr\/wp-json\/wp\/v2\/pages\/832"}],"wp:featuredmedia":[{"embeddable":true,"href":"https:\/\/www.snowbirds.org\/fr\/wp-json\/wp\/v2\/media\/2823"}],"wp:attachment":[{"href":"https:\/\/www.snowbirds.org\/fr\/wp-json\/wp\/v2\/media?parent=2826"}],"wp:term":[{"taxonomy":"category","embeddable":true,"href":"https:\/\/www.snowbirds.org\/fr\/wp-json\/wp\/v2\/categories?post=2826"},{"taxonomy":"post_tag","embeddable":true,"href":"https:\/\/www.snowbirds.org\/fr\/wp-json\/wp\/v2\/tags?post=2826"}],"curies":[{"name":"wp","href":"https:\/\/api.w.org\/{rel}","templated":true}]}}