{"id":2867,"date":"2019-10-10T10:18:43","date_gmt":"2019-10-10T10:18:43","guid":{"rendered":"https:\/\/www.snowbirds.org\/?page_id=2867\/"},"modified":"2019-12-19T17:57:51","modified_gmt":"2019-12-19T17:57:51","slug":"fonds-d-action-special","status":"publish","type":"page","link":"https:\/\/www.snowbirds.org\/fr\/fonds-d-action-special\/","title":{"rendered":"Fonds d\u2019action sp\u00e9cial"},"content":{"rendered":"<div id=\"modal-ready\"><p>Les activit\u00e9s de revendication de l\u2019Association sont enti\u00e8rement financ\u00e9es par les dons de ses membres, qui sont conserv\u00e9s dans un compte distinct \u2014 le Fonds d\u2019action sp\u00e9cial (FAS) \u2014 et ne servent donc pas aux activit\u00e9s courantes de l\u2019Association. L\u2019ACS puise dans le FAS quand elle doit imm\u00e9diatement faire des d\u00e9marches et de la consultation aupr\u00e8s des gouvernements.<\/p>\n<p>Par exemple, le gouvernement de l\u2019Ontario a r\u00e9cemment annonc\u00e9 qu\u2019il allait mettre en \u0153uvre son plan d\u2019abolir le programme de services de sant\u00e9 hors pays le <strong>1<sup>er<\/sup><\/strong><strong>\u00a0janvier\u00a02020<\/strong>. Ce programme offre aux voyageurs ontariens un remboursement de certains soins m\u00e9dicaux d\u2019urgence re\u00e7us \u00e0 l\u2019\u00e9tranger. Cette d\u00e9cision sans pr\u00e9c\u00e9dent fera de l\u2019Ontario la seule province \u00e0 supprimer tout financement des services m\u00e9dicaux d\u2019urgence dispens\u00e9s \u00e0 l\u2019\u00e9tranger.<\/p>\n<p><strong>L\u2019ACS a r\u00e9agi en faisant appel au FAS pour d\u00e9clencher une contestation judiciaire de cette violation flagrante de la <em>Loi canadienne sur la sant\u00e9<\/em> par le gouvernement ontarien.<\/strong><\/p>\n<p>Nous devons imp\u00e9rativement prendre position et mettre un terme aux gestes ill\u00e9gaux du gouvernement de l\u2019Ontario, non seulement pour le bien des voyageurs ontariens, mais aussi pour les voyageurs des autres provinces et territoires au pays qui seraient tent\u00e9s d\u2019emboiter le pas.<\/p>\n<p>L\u2019ACS a aussi fait appel au Fonds d\u2019action sp\u00e9cial pour financer des activit\u00e9s de revendication au sud de la fronti\u00e8re. L\u2019Association travaille actuellement \u00e0 obtenir une prolongation de la p\u00e9riode maximale annuelle de s\u00e9jour aux \u00c9.-U. pour les retrait\u00e9s canadiens admissibles. Le \u00ab\u00a0visa de retrait\u00e9 canadien\u00a0\u00bb ou \u00ab\u00a0visa de snowbird\u00a0\u00bb permettrait en effet aux snowbirds canadiens de s\u00e9journer jusqu\u2019\u00e0 huit mois aux \u00c9tats-Unis chaque ann\u00e9e, soit deux mois de plus que la limite actuelle de six mois. Au moment de r\u00e9diger ces lignes, la proposition faisait partie de plusieurs projets de loi pr\u00e9sent\u00e9s \u00e0 la Chambre des repr\u00e9sentants et au S\u00e9nat am\u00e9ricain.<\/p>\n<p>Auparavant, le FAS a aussi servi \u00e0 faire renverser un r\u00e8glement de la Floride obligeant tous les conducteurs \u00e9trangers de v\u00e9hicules \u00e0 moteur \u00e0 se munir d\u2019un permis de conduire international. Et apr\u00e8s les \u00e9v\u00e9nements du 11\u00a0septembre, le FAS nous a permis de lutter contre un projet de loi qui aurait limit\u00e9 la p\u00e9riode de s\u00e9jour des Canadiens aux \u00c9tats-Unis \u00e0 30\u00a0jours.<\/p>\n<p><strong>S\u2019il vous pla\u00eet, songez \u00e0 faire un don au Fonds d\u2019action sp\u00e9cial de l\u2019ACS \u00e0 l\u2019aide du lien ci-dessous.<\/strong><\/p>\n<p style=\"text-align: center;\"><b><a class=\"redbtn\" href=\"https:\/\/www.snowbirds.org\/csa\/saf\/csa-special-action-fund.php?ln=fr\" target=\"popup\">Don au Fonds d\u2019action sp\u00e9cial<\/a><\/b><\/p>\n<\/div>","protected":false},"excerpt":{"rendered":"<p>Les activit\u00e9s de revendication de l\u2019Association sont enti\u00e8rement financ\u00e9es par les dons de ses membres, qui sont conserv\u00e9s dans un compte distinct \u2014 le Fonds d\u2019action sp\u00e9cial (FAS) \u2014 et ne servent donc pas aux activit\u00e9s courantes de l\u2019Association. L\u2019ACS puise dans le FAS quand elle doit imm\u00e9diatement faire des d\u00e9marches et de la consultation [&hellip;]<\/p>\n","protected":false},"author":1,"featured_media":3114,"parent":0,"menu_order":0,"comment_status":"closed","ping_status":"closed","template":"template-saf.php","meta":{"_acf_changed":false,"_monsterinsights_skip_tracking":false,"_monsterinsights_sitenote_active":false,"_monsterinsights_sitenote_note":"","_monsterinsights_sitenote_category":0,"_uf_show_specific_survey":0,"_uf_disable_surveys":false,"footnotes":""},"categories":[],"tags":[],"class_list":["post-2867","page","type-page","status-publish","has-post-thumbnail","hentry"],"acf":[],"_links":{"self":[{"href":"https:\/\/www.snowbirds.org\/fr\/wp-json\/wp\/v2\/pages\/2867","targetHints":{"allow":["GET"]}}],"collection":[{"href":"https:\/\/www.snowbirds.org\/fr\/wp-json\/wp\/v2\/pages"}],"about":[{"href":"https:\/\/www.snowbirds.org\/fr\/wp-json\/wp\/v2\/types\/page"}],"author":[{"embeddable":true,"href":"https:\/\/www.snowbirds.org\/fr\/wp-json\/wp\/v2\/users\/1"}],"replies":[{"embeddable":true,"href":"https:\/\/www.snowbirds.org\/fr\/wp-json\/wp\/v2\/comments?post=2867"}],"version-history":[{"count":2,"href":"https:\/\/www.snowbirds.org\/fr\/wp-json\/wp\/v2\/pages\/2867\/revisions"}],"predecessor-version":[{"id":2900,"href":"https:\/\/www.snowbirds.org\/fr\/wp-json\/wp\/v2\/pages\/2867\/revisions\/2900"}],"wp:featuredmedia":[{"embeddable":true,"href":"https:\/\/www.snowbirds.org\/fr\/wp-json\/wp\/v2\/media\/3114"}],"wp:attachment":[{"href":"https:\/\/www.snowbirds.org\/fr\/wp-json\/wp\/v2\/media?parent=2867"}],"wp:term":[{"taxonomy":"category","embeddable":true,"href":"https:\/\/www.snowbirds.org\/fr\/wp-json\/wp\/v2\/categories?post=2867"},{"taxonomy":"post_tag","embeddable":true,"href":"https:\/\/www.snowbirds.org\/fr\/wp-json\/wp\/v2\/tags?post=2867"}],"curies":[{"name":"wp","href":"https:\/\/api.w.org\/{rel}","templated":true}]}}