{"id":5828,"date":"2025-07-03T09:05:50","date_gmt":"2025-07-03T09:05:50","guid":{"rendered":"https:\/\/www.snowbirds.org\/?page_id=5828"},"modified":"2026-03-05T15:34:56","modified_gmt":"2026-03-05T15:34:56","slug":"acs-sans-fil","status":"publish","type":"page","link":"https:\/\/www.snowbirds.org\/fr\/acs-sans-fil\/","title":{"rendered":"Le\u00a0forfait\u00a0Sans-fil de\u00a0l\u2019ACS\u00a0"},"content":{"rendered":"<div id=\"modal-ready\"><div class=\"wp-block-image\">\n<figure class=\"aligncenter size-full is-resized\"><img loading=\"lazy\" decoding=\"async\" width=\"1024\" height=\"157\" src=\"https:\/\/www.snowbirds.org\/wp-content\/uploads\/2025\/07\/rogers-french.jpg\" alt=\"\" class=\"wp-image-5840\" style=\"width:558px;height:auto\" srcset=\"https:\/\/www.snowbirds.org\/wp-content\/uploads\/2025\/07\/rogers-french.jpg 1024w, https:\/\/www.snowbirds.org\/wp-content\/uploads\/2025\/07\/rogers-french-300x46.jpg 300w, https:\/\/www.snowbirds.org\/wp-content\/uploads\/2025\/07\/rogers-french-768x118.jpg 768w\" sizes=\"auto, (max-width: 1024px) 100vw, 1024px\" \/><\/figure><\/div>\n\n\n<div class=\"bulletPoints\">\n<ul>\n<li><i class=\"fa fa-check-circle-o\" aria-hidden=\"true\"><\/i>Seulement 50 $\/mois!<\/li>\n<li><i class=\"fa fa-check-circle-o\" aria-hidden=\"true\"><\/i>Appels et textos illimit\u00e9s!<\/li>\n<li><i class=\"fa fa-check-circle-o\" aria-hidden=\"true\"><\/i>100 Go de donn\u00e9es! <\/li>\n<li><i class=\"fa fa-check-circle-o\" aria-hidden=\"true\"><\/i>Canada \u2022 \u00c9.-U. \u2022 Mexique!<\/li>\n<\/ul>\n<\/div>\n\n\n\n<h4>Voici le nouveau forfait Sans-fil pour les membres de l\u2019ACS!<\/h4>\n<p>Nous sommes ravis d\u2019annoncer que <b>Rogers Sans-fil <\/b>est le tout nouvel ajout aux <b>avantages offerts aux membres de l\u2019ACS<\/b>, une combinaison parfaite avec le mode de vie transfrontalier de nos membres. Que ce soit pour profiter du soleil aux \u00c9tats-Unis ou explorer d\u2019autres pays comme le Mexique, Rogers aidera nos membres \u00e0 rester connect\u00e9s gr\u00e2ce \u00e0 une couverture transparente partout en Am\u00e9rique du Nord, y compris au Mexique, et dans jusqu\u2019\u00e0 64 autres pays gr\u00e2ce \u00e0 d\u2019autres forfaits internationaux sup\u00e9rieurs.<\/p>\n\n<p>&nbsp;<\/p>\n\n<p>Certaines conditions s&rsquo;appliquent&nbsp;: voir ci-dessous pour plus de d\u00e9tails.<\/p>\n<p>&nbsp;<\/p>\n<h4>Voyagez plus intelligemment. Parlez plus longtemps. Faites plus d\u2019\u00e9conomies. <\/h4>\n<p>Avec Rogers, restez en contact avec vos proches, organisez vos voyages ou regardez vos \u00e9missions pr\u00e9f\u00e9r\u00e9es en continu, comme si vous \u00e9tiez \u00e0 la maison, o\u00f9 que vous soyez. <\/p><p>&nbsp;<\/p>\n\n<h4>Fini les d\u00e9passements de donn\u00e9es<\/h4>\n<p><img decoding=\"async\" src=\"https:\/\/www.snowbirds.org\/wp-content\/uploads\/2025\/05\/phone1.png\" class=\"wireless\"\/>Pour <b>SEULEMENT 50 $ par mois<\/b>, les membres peuvent voyager partout en Am\u00e9rique du Nord, y compris au Mexique, avec <b>appels, textos et donn\u00e9es illimit\u00e9s (les 100 premiers Go de donn\u00e9es sont \u00e0 la vitesse 5G, selon la disponibilit\u00e9). <\/b> <\/p><p>&nbsp;<\/p>\n \n<h4>Passez au Sans-fil de l\u2019ACS! <\/h4>\n<p><img decoding=\"async\"  src=\"https:\/\/www.snowbirds.org\/wp-content\/uploads\/2025\/05\/phone2.png\" class=\"wireless\" style=\"width:70px\" \/>Si vous \u00eates nouveau client de Rogers ou que vous \u00eates client depuis plus de 6 mois, vous pouvez vous inscrire d\u00e8s aujourd\u2019hui <b>SANS CONTRAT et SANS FRAIS.* <\/b><\/p><p>&nbsp;<\/p>\n <p><ul class=\"bulletPoints\">\n<li><i class=\"fa fa-check-circle-o\" aria-hidden=\"true\"><\/i>Plus de forfaits \u00e0 partir de 29 $\/mois! <\/li>\n<li><i class=\"fa fa-check-circle-o\" aria-hidden=\"true\"><\/i>Forfaits dans plus de 64 pays<\/li>\n<li><i class=\"fa fa-check-circle-o\" aria-hidden=\"true\"><\/i>SANS frais!* <\/li><\/ul>\n <\/p><p>&nbsp;<\/p>\n<h4>Le forfait Sans-fil de l\u2019ACS est offert aux membres en r\u00e8gle de l\u2019ACS. <\/h4>\n<p style=\"text-align: center;\"><strong><a class=\"redbtn\" href=\"https:\/\/order.fvwireless.com\/SNOWBIRDS#Home\" target=\"popup\" rel=\"noopener\">Plus pour moins avec Rogers<\/a><\/strong><\/p>\n<p>&nbsp;<\/p><p>\n<b>IMPORTANT : <\/b> Le nouveau forfait Sans-fil pour les membres de l\u2019ACS rel\u00e8ve d\u2019un <u>fournisseur de services attitr\u00e9, <b>Fraser Valley Wireless<\/b>,<\/u> qui est un concessionnaire autoris\u00e9 Rogers \u2014 <b>UNE EXCLUSIVIT\u00c9! <\/b> <\/p> <p>&nbsp;<\/p>\n\n<p>\n<u>Le forfait Sans-fil de l\u2019ACS <b>N\u2019EST PAS<\/b> disponible directement aupr\u00e8s de Rogers.<\/u> <p>&nbsp;<\/p>\n\n \n<h4>Vous \u00eates d\u00e9j\u00e0 client de Rogers?<\/h4>\n<p>Vous pouvez changer de forfait! Contactez Fraser Valley Wireless au num\u00e9ro ci-dessous pour changer de forfait. Cette offre N\u2019EST PAS propos\u00e9e directement au public par Rogers.<\/p>\n <p>&nbsp;<\/p>\n<h4 style=\"text-align:center\"><u>Contactez Fraser Valley directement<\/u> pour en savoir plus et pour vous inscrire d\u00e8s aujourd\u2019hui!<br\/>\n1-888-516-7669<br\/>\nCourriel : RogersPreferred@fvwireless.com <\/p><\/h4>\n\n\n<div class=\"roger-image-container\"><a class=\"roger-image-link\" href=\"https:\/\/order.fvwireless.com\/SNOWBIRDS#Home\" target=\"_blank\" rel=\"noopener\"> <img decoding=\"async\" src=\"https:\/\/www.snowbirds.org\/wp-content\/uploads\/2025\/07\/Rogers-Preferred-Program-Black.png\" alt=\"Rogers Plan 1 for CSA Members\" \/> <\/a> <a class=\"roger-image-link\" href=\"https:\/\/order.fvwireless.com\/SNOWBIRDS#Home\" target=\"_blank\" rel=\"noopener\"> <img decoding=\"async\" src=\"https:\/\/www.snowbirds.org\/wp-content\/uploads\/2025\/07\/Rogers-Preferred-Program-Red.png\" alt=\"Rogers Plan 2 for CSA Members\" \/> <\/a><\/div>\n\n<p>&nbsp;<\/p>\n<p><b>D\u00e9tails :<\/b><br\/><br\/>\n* L\u2019offre est modifiable sans pr\u00e9avis. Une validation de l\u2019adh\u00e9sion est requise; les membres doivent pr\u00e9senter une preuve d\u2019adh\u00e9sion valide au moment de l\u2019achat; Rogers se r\u00e9serve le droit de demander une preuve d\u2019adh\u00e9sion \u00e0 chaque membre en tout temps. Offre valable pour les nouveaux clients et les clients actuels de Rogers. Les clients actuels de Rogers qui ont un forfait courant grand public Rogers doivent avoir un contrat d\u2019une dur\u00e9e minimale de six mois pour \u00eatre admissibles \u00e0 cette r\u00e9duction. Des frais de configuration peuvent s\u2019appliquer \u00e0 tout rehaussement de l\u2019appareil, sauf indication contraire. Les codes de r\u00e9duction sur les forfaits sont valables pendant 24 mois, sauf indication contraire. Cette offre ne peut \u00eatre combin\u00e9e \u00e0 aucune autre promotion et\/ou r\u00e9duction destin\u00e9es aux consommateurs, sauf si Rogers le permet. Le forfait et l\u2019appareil seront indiqu\u00e9s s\u00e9par\u00e9ment sur votre facture.<\/p>\n\n\n\n<p><\/p>\n\n\n\n<p><\/p>\n\n\n\n<p class=\"has-text-align-center\">&#8230;<\/p>\n\n\n\n<p class=\"has-text-align-center has-medium-font-size\"><strong>Voyez les d\u00e9tails en petits caract\u00e8res ci-dessous.<\/strong><\/p>\n<\/div>","protected":false},"excerpt":{"rendered":"<p>Seulement 50 $\/mois! Appels et textos illimit\u00e9s! 100 Go de donn\u00e9es! Canada \u2022 \u00c9.-U. \u2022 Mexique! Voici le nouveau forfait Sans-fil pour les membres de l\u2019ACS! Nous sommes ravis d\u2019annoncer que Rogers Sans-fil est le tout nouvel ajout aux avantages offerts aux membres de l\u2019ACS, une combinaison parfaite avec le mode de vie transfrontalier de [&hellip;]<\/p>\n","protected":false},"author":1,"featured_media":5682,"parent":0,"menu_order":0,"comment_status":"closed","ping_status":"closed","template":"template-rogers.php","meta":{"_acf_changed":false,"_monsterinsights_skip_tracking":false,"_monsterinsights_sitenote_active":false,"_monsterinsights_sitenote_note":"","_monsterinsights_sitenote_category":0,"_uf_show_specific_survey":0,"_uf_disable_surveys":false,"footnotes":""},"categories":[],"tags":[],"class_list":["post-5828","page","type-page","status-publish","has-post-thumbnail","hentry"],"acf":[],"_links":{"self":[{"href":"https:\/\/www.snowbirds.org\/fr\/wp-json\/wp\/v2\/pages\/5828","targetHints":{"allow":["GET"]}}],"collection":[{"href":"https:\/\/www.snowbirds.org\/fr\/wp-json\/wp\/v2\/pages"}],"about":[{"href":"https:\/\/www.snowbirds.org\/fr\/wp-json\/wp\/v2\/types\/page"}],"author":[{"embeddable":true,"href":"https:\/\/www.snowbirds.org\/fr\/wp-json\/wp\/v2\/users\/1"}],"replies":[{"embeddable":true,"href":"https:\/\/www.snowbirds.org\/fr\/wp-json\/wp\/v2\/comments?post=5828"}],"version-history":[{"count":35,"href":"https:\/\/www.snowbirds.org\/fr\/wp-json\/wp\/v2\/pages\/5828\/revisions"}],"predecessor-version":[{"id":5971,"href":"https:\/\/www.snowbirds.org\/fr\/wp-json\/wp\/v2\/pages\/5828\/revisions\/5971"}],"wp:featuredmedia":[{"embeddable":true,"href":"https:\/\/www.snowbirds.org\/fr\/wp-json\/wp\/v2\/media\/5682"}],"wp:attachment":[{"href":"https:\/\/www.snowbirds.org\/fr\/wp-json\/wp\/v2\/media?parent=5828"}],"wp:term":[{"taxonomy":"category","embeddable":true,"href":"https:\/\/www.snowbirds.org\/fr\/wp-json\/wp\/v2\/categories?post=5828"},{"taxonomy":"post_tag","embeddable":true,"href":"https:\/\/www.snowbirds.org\/fr\/wp-json\/wp\/v2\/tags?post=5828"}],"curies":[{"name":"wp","href":"https:\/\/api.w.org\/{rel}","templated":true}]}}