{"id":740,"date":"2017-10-04T05:04:50","date_gmt":"2017-10-04T05:04:50","guid":{"rendered":"https:\/\/www.snowbirds.org\/currency-exchange\/"},"modified":"2026-02-05T17:17:13","modified_gmt":"2026-02-05T17:17:13","slug":"currency-exchange","status":"publish","type":"page","link":"https:\/\/www.snowbirds.org\/fr\/member-benefits\/currency-exchange\/","title":{"rendered":"Programme d\u2019\u00e9change de devises des \u00ab snowbirds \u00bb"},"content":{"rendered":"<div id=\"modal-ready\"><p>Faites comme des milliers de snowbirds qui continuent d\u2019\u00e9conomiser des centaines de dollars chaque ann\u00e9e en convertissant automatiquement des dollars canadiens en dollars US \u00e0 taux pr\u00e9f\u00e9rentiel. Des virements \u00e0 frais MINIMES ou m\u00eame SANS frais!<\/p>\n<p>&nbsp;<\/p>\n<p>INSCRIVEZ-VOUS&nbsp;et commencez \u00e0 \u00e9conomiser d\u00e8s maintenant! T\u00e9l\u00e9chargez le formulaire d\u2019incription au Programme d\u2019\u00e9change de devises des \u00ab snowbirds \u00bb ou composez le&nbsp;<strong>1-800-265-5132<\/strong>.<\/p>\n<p>&nbsp;<\/p>\n<p><strong>Taux du Programme d\u2019\u00e9change de devises des \u00ab snowbirds \u00bb<\/strong><\/p>\n<p>&nbsp;<\/p>\n<\/div>","protected":false},"excerpt":{"rendered":"<p>Faites comme des milliers de snowbirds qui continuent d\u2019\u00e9conomiser des centaines de dollars chaque ann\u00e9e en convertissant automatiquement des dollars canadiens en dollars US \u00e0 taux pr\u00e9f\u00e9rentiel. Des virements \u00e0 frais MINIMES ou m\u00eame SANS frais! &nbsp; INSCRIVEZ-VOUS&nbsp;et commencez \u00e0 \u00e9conomiser d\u00e8s maintenant! T\u00e9l\u00e9chargez le formulaire d\u2019incription au Programme d\u2019\u00e9change de devises des \u00ab snowbirds [&hellip;]<\/p>\n","protected":false},"author":1,"featured_media":2852,"parent":832,"menu_order":0,"comment_status":"closed","ping_status":"closed","template":"template-currencyexchange.php","meta":{"_acf_changed":false,"_monsterinsights_skip_tracking":false,"_monsterinsights_sitenote_active":false,"_monsterinsights_sitenote_note":"","_monsterinsights_sitenote_category":0,"_uf_show_specific_survey":0,"_uf_disable_surveys":false,"footnotes":""},"categories":[],"tags":[],"class_list":["post-740","page","type-page","status-publish","has-post-thumbnail","hentry"],"acf":[],"_links":{"self":[{"href":"https:\/\/www.snowbirds.org\/fr\/wp-json\/wp\/v2\/pages\/740","targetHints":{"allow":["GET"]}}],"collection":[{"href":"https:\/\/www.snowbirds.org\/fr\/wp-json\/wp\/v2\/pages"}],"about":[{"href":"https:\/\/www.snowbirds.org\/fr\/wp-json\/wp\/v2\/types\/page"}],"author":[{"embeddable":true,"href":"https:\/\/www.snowbirds.org\/fr\/wp-json\/wp\/v2\/users\/1"}],"replies":[{"embeddable":true,"href":"https:\/\/www.snowbirds.org\/fr\/wp-json\/wp\/v2\/comments?post=740"}],"version-history":[{"count":7,"href":"https:\/\/www.snowbirds.org\/fr\/wp-json\/wp\/v2\/pages\/740\/revisions"}],"predecessor-version":[{"id":4575,"href":"https:\/\/www.snowbirds.org\/fr\/wp-json\/wp\/v2\/pages\/740\/revisions\/4575"}],"up":[{"embeddable":true,"href":"https:\/\/www.snowbirds.org\/fr\/wp-json\/wp\/v2\/pages\/832"}],"wp:featuredmedia":[{"embeddable":true,"href":"https:\/\/www.snowbirds.org\/fr\/wp-json\/wp\/v2\/media\/2852"}],"wp:attachment":[{"href":"https:\/\/www.snowbirds.org\/fr\/wp-json\/wp\/v2\/media?parent=740"}],"wp:term":[{"taxonomy":"category","embeddable":true,"href":"https:\/\/www.snowbirds.org\/fr\/wp-json\/wp\/v2\/categories?post=740"},{"taxonomy":"post_tag","embeddable":true,"href":"https:\/\/www.snowbirds.org\/fr\/wp-json\/wp\/v2\/tags?post=740"}],"curies":[{"name":"wp","href":"https:\/\/api.w.org\/{rel}","templated":true}]}}