{"id":814,"date":"2017-11-27T06:19:25","date_gmt":"2017-11-27T06:19:25","guid":{"rendered":"https:\/\/www.snowbirds.org\/?page_id=814"},"modified":"2023-03-14T18:54:19","modified_gmt":"2023-03-14T18:54:19","slug":"about-us","status":"publish","type":"page","link":"https:\/\/www.snowbirds.org\/fr\/about-us\/","title":{"rendered":"\u00c0 propos de nous"},"content":{"rendered":"<div id=\"modal-ready\"><p>L\u2019ACS a vu le jour en 1992 quand plus de 1&nbsp;000&nbsp;snowbirds canadiens se sont r\u00e9unis \u00e0 Lakeland, en Floride, pour protester contre les coupures provinciales dans la couverture des soins m\u00e9dicaux dispens\u00e9s \u00e0 l\u2019\u00e9tranger garantie en vertu de la<em> Loi canadienne sur la sant\u00e9<\/em>.<\/p>\n<p><a title=\"T\u00e9l\u00e9charger Guide du membre de l\u2019ACS\" href=\"https:\/\/www.snowbirds.org\/CSADownloads\/guide-du-membre-de-acs.pdf\" target=\"_blank\" rel=\"noopener\"><img loading=\"lazy\" decoding=\"async\" class=\"size-full wp-image-2332 alignright\" src=\"https:\/\/www.snowbirds.org\/wp-content\/uploads\/2019\/08\/CSA-member-handbook-fr.jpg\" alt=\"\" width=\"145\" height=\"240\"><\/a><\/p>\n<p>&nbsp;<\/p>\n<p>Depuis maintenant plus de 25&nbsp;ans, l\u2019ACS milite en faveur de ses membres et des voyageurs pour la sauvegarde de la couverture d\u2019assurance maladie, le remboursement des frais m\u00e9dicaux d\u2019urgence engag\u00e9s \u00e0 l\u2019\u00e9tranger et l\u2019acc\u00e8s aux m\u00e9dicaments d\u2019ordonnance, entre autres causes.<\/p>\n<p>&nbsp;<\/p>\n<p>Consultez la liste chronologique de nos nombreuses r\u00e9alisations ci-dessous.<\/p>\n<p>&nbsp;<\/p>\n<\/div>","protected":false},"excerpt":{"rendered":"<p>L\u2019ACS a vu le jour en 1992 quand plus de 1&nbsp;000&nbsp;snowbirds canadiens se sont r\u00e9unis \u00e0 Lakeland, en Floride, pour protester contre les coupures provinciales dans la couverture des soins m\u00e9dicaux dispens\u00e9s \u00e0 l\u2019\u00e9tranger garantie en vertu de la Loi canadienne sur la sant\u00e9. &nbsp; Depuis maintenant plus de 25&nbsp;ans, l\u2019ACS milite en faveur de [&hellip;]<\/p>\n","protected":false},"author":1,"featured_media":0,"parent":0,"menu_order":0,"comment_status":"closed","ping_status":"closed","template":"template-about11111.php","meta":{"_acf_changed":false,"_monsterinsights_skip_tracking":false,"_monsterinsights_sitenote_active":false,"_monsterinsights_sitenote_note":"","_monsterinsights_sitenote_category":0,"_uf_show_specific_survey":0,"_uf_disable_surveys":false,"footnotes":""},"categories":[],"tags":[],"class_list":["post-814","page","type-page","status-publish","hentry"],"acf":[],"_links":{"self":[{"href":"https:\/\/www.snowbirds.org\/fr\/wp-json\/wp\/v2\/pages\/814","targetHints":{"allow":["GET"]}}],"collection":[{"href":"https:\/\/www.snowbirds.org\/fr\/wp-json\/wp\/v2\/pages"}],"about":[{"href":"https:\/\/www.snowbirds.org\/fr\/wp-json\/wp\/v2\/types\/page"}],"author":[{"embeddable":true,"href":"https:\/\/www.snowbirds.org\/fr\/wp-json\/wp\/v2\/users\/1"}],"replies":[{"embeddable":true,"href":"https:\/\/www.snowbirds.org\/fr\/wp-json\/wp\/v2\/comments?post=814"}],"version-history":[{"count":14,"href":"https:\/\/www.snowbirds.org\/fr\/wp-json\/wp\/v2\/pages\/814\/revisions"}],"predecessor-version":[{"id":4213,"href":"https:\/\/www.snowbirds.org\/fr\/wp-json\/wp\/v2\/pages\/814\/revisions\/4213"}],"wp:attachment":[{"href":"https:\/\/www.snowbirds.org\/fr\/wp-json\/wp\/v2\/media?parent=814"}],"wp:term":[{"taxonomy":"category","embeddable":true,"href":"https:\/\/www.snowbirds.org\/fr\/wp-json\/wp\/v2\/categories?post=814"},{"taxonomy":"post_tag","embeddable":true,"href":"https:\/\/www.snowbirds.org\/fr\/wp-json\/wp\/v2\/tags?post=814"}],"curies":[{"name":"wp","href":"https:\/\/api.w.org\/{rel}","templated":true}]}}