{"id":825,"date":"2017-11-27T06:24:04","date_gmt":"2017-11-27T06:24:04","guid":{"rendered":"https:\/\/www.snowbirds.org\/events\/"},"modified":"2019-10-09T04:44:11","modified_gmt":"2019-10-09T04:44:11","slug":"events","status":"publish","type":"page","link":"https:\/\/www.snowbirds.org\/fr\/events\/","title":{"rendered":"\u00c9V\u00c9NEMENTS"},"content":{"rendered":"<div id=\"modal-ready\"><p>L&rsquo;ACS organise, un peu partout en Am\u00e9rique du Nord, plus de 25 \u00e9v\u00e9nements ax\u00e9s sur le style de vie des \u00ab snowbirds \u00bb.\u00a0 \u00c9v\u00e9nements comme Extravaganza du snowbirds, R\u00e9unions d\u2019information hivernales, Pr\u00e9sentation de Snowbird Lifestyle\u00a0\u00a0 sont un m\u00e9lange d&rsquo;information, d&rsquo;\u00e9ducation et de divertissement, avec des spectacles pr\u00e9sent\u00e9s par des artistes de renomm\u00e9e mondiale. Nos \u00e9v\u00e9nements pour les snowbirds\u00a0 sont toujours ouvertes au public et l&rsquo;entr\u00e9e est toujours <strong>gratuite<\/strong>.<\/p>\n<\/div>","protected":false},"excerpt":{"rendered":"<p>L&rsquo;ACS organise, un peu partout en Am\u00e9rique du Nord, plus de 25 \u00e9v\u00e9nements ax\u00e9s sur le style de vie des \u00ab snowbirds \u00bb.\u00a0 \u00c9v\u00e9nements comme Extravaganza du snowbirds, R\u00e9unions d\u2019information hivernales, Pr\u00e9sentation de Snowbird Lifestyle\u00a0\u00a0 sont un m\u00e9lange d&rsquo;information, d&rsquo;\u00e9ducation et de divertissement, avec des spectacles pr\u00e9sent\u00e9s par des artistes de renomm\u00e9e mondiale. Nos \u00e9v\u00e9nements [&hellip;]<\/p>\n","protected":false},"author":1,"featured_media":2848,"parent":0,"menu_order":0,"comment_status":"closed","ping_status":"closed","template":"template-events.php","meta":{"_acf_changed":false,"_monsterinsights_skip_tracking":false,"_monsterinsights_sitenote_active":false,"_monsterinsights_sitenote_note":"","_monsterinsights_sitenote_category":0,"_uf_show_specific_survey":0,"_uf_disable_surveys":false,"footnotes":""},"categories":[],"tags":[],"class_list":["post-825","page","type-page","status-publish","has-post-thumbnail","hentry"],"acf":[],"_links":{"self":[{"href":"https:\/\/www.snowbirds.org\/fr\/wp-json\/wp\/v2\/pages\/825","targetHints":{"allow":["GET"]}}],"collection":[{"href":"https:\/\/www.snowbirds.org\/fr\/wp-json\/wp\/v2\/pages"}],"about":[{"href":"https:\/\/www.snowbirds.org\/fr\/wp-json\/wp\/v2\/types\/page"}],"author":[{"embeddable":true,"href":"https:\/\/www.snowbirds.org\/fr\/wp-json\/wp\/v2\/users\/1"}],"replies":[{"embeddable":true,"href":"https:\/\/www.snowbirds.org\/fr\/wp-json\/wp\/v2\/comments?post=825"}],"version-history":[{"count":3,"href":"https:\/\/www.snowbirds.org\/fr\/wp-json\/wp\/v2\/pages\/825\/revisions"}],"predecessor-version":[{"id":2294,"href":"https:\/\/www.snowbirds.org\/fr\/wp-json\/wp\/v2\/pages\/825\/revisions\/2294"}],"wp:featuredmedia":[{"embeddable":true,"href":"https:\/\/www.snowbirds.org\/fr\/wp-json\/wp\/v2\/media\/2848"}],"wp:attachment":[{"href":"https:\/\/www.snowbirds.org\/fr\/wp-json\/wp\/v2\/media?parent=825"}],"wp:term":[{"taxonomy":"category","embeddable":true,"href":"https:\/\/www.snowbirds.org\/fr\/wp-json\/wp\/v2\/categories?post=825"},{"taxonomy":"post_tag","embeddable":true,"href":"https:\/\/www.snowbirds.org\/fr\/wp-json\/wp\/v2\/tags?post=825"}],"curies":[{"name":"wp","href":"https:\/\/api.w.org\/{rel}","templated":true}]}}