{"id":841,"date":"2017-11-27T07:04:20","date_gmt":"2017-11-27T07:04:20","guid":{"rendered":"https:\/\/www.snowbirds.org\/travel-insurance\/"},"modified":"2024-08-13T07:59:43","modified_gmt":"2024-08-13T07:59:43","slug":"travel-insurance","status":"publish","type":"page","link":"https:\/\/www.snowbirds.org\/fr\/travel-insurance\/","title":{"rendered":"Assurance voyage Medipac"},"content":{"rendered":"<div id=\"modal-ready\"><h4>ASSURANCE VOYAGE MEDIPAC&nbsp; : <a href=\"tel:1-800-267-6440\">1-800-267-6440<\/a><\/h4>\n<div class=\"bulletPoints\">\n<ul>\n<li><i class=\"fa fa-check-circle-o\" aria-hidden=\"true\"><\/i>L\u2019assurance voyage L\u00e8ve-t\u00f4t est maintenant disponible!<\/li>\n<li><i class=\"fa fa-check-circle-o\" aria-hidden=\"true\"><\/i>\u00c9conomisez jusqu\u2019\u00e0 25&nbsp;%<\/li>\n<li><i class=\"fa fa-check-circle-o\" aria-hidden=\"true\"><\/i>Le r\u00e9gime L\u00e8ve-t\u00f4t est offert jusqu\u2019au 31&nbsp;ao\u00fbt<\/li>\n<\/ul>\n<\/div>\n<div>\n<p><strong>L\u2019Association canadienne des \u00ab&nbsp;snowbirds&nbsp;\u00bb recommande exclusivement l\u2019<\/strong><a href=\"https:\/\/www.medipac.com\/fr\/\" target=\"_blank\" rel=\"noopener\"><strong>assurance voyage Medipac<\/strong><\/a><strong>.<\/strong><a href=\"https:\/\/www.medipac.com\/fr\/\" target=\"_blank\" rel=\"noopener\"><strong style=\"color: red;\"><br \/>\n<\/strong><\/a><\/p>\n<\/div>\n<div>\n<p><strong>Pourquoi nous choisissons Medipac<\/strong><\/p>\n<\/div>\n<p>Depuis plus de 30&nbsp;ans, Medipac couvre la plupart des \u00e9tats de sant\u00e9 pr\u00e9existants stabilis\u00e9s sans \u00e9gard \u00e0 l\u2019\u00e2ge (et certains de nos membres ont plus de 90&nbsp;ans!). Medipac propose une couverture compl\u00e8te, une police r\u00e9dig\u00e9e dans un langage clair et un programme de r\u00e9ductions qui vous en offre tellement pour votre argent. Certains membres \u00e9conomisent jusqu\u2019\u00e0 30&nbsp;%!<\/p>\n<p><strong>&nbsp;<\/strong><\/p>\n<p>Par ailleurs, les autres fournisseurs d\u2019assurance voyage font rarement mention de leurs services d\u2019assistance d\u2019urgence, m\u00eame s\u2019il s\u2019agit d\u2019un \u00e9l\u00e9ment crucial de tout r\u00e9gime d\u2019assurance voyage. Il y a une raison \u00e0 cela&nbsp;: la plupart des r\u00e9gimes d\u2019assurance voyage m\u00e9dicale externalisent ces services essentiels vers des tiers fournisseurs anonymes o\u00f9 un \u00ab&nbsp;pr\u00e9pos\u00e9 de centre d\u2019appel&nbsp;\u00bb r\u00e9pondra \u00e0 vos appels \u00e0 l\u2019aide.<\/p>\n<p><strong>&nbsp;<\/strong><\/p>\n<p><img loading=\"lazy\" decoding=\"async\" class=\"alignnone wp-image-3917\" style=\"margin: 4px; float: right;\" src=\"https:\/\/www.snowbirds.org\/wp-content\/uploads\/2022\/07\/2017-Assist-logo-300x54.png\" alt=\"\" width=\"411\" height=\"74\" srcset=\"https:\/\/www.snowbirds.org\/wp-content\/uploads\/2022\/07\/2017-Assist-logo-300x54.png 300w, https:\/\/www.snowbirds.org\/wp-content\/uploads\/2022\/07\/2017-Assist-logo-1024x186.png 1024w, https:\/\/www.snowbirds.org\/wp-content\/uploads\/2022\/07\/2017-Assist-logo-768x139.png 768w, https:\/\/www.snowbirds.org\/wp-content\/uploads\/2022\/07\/2017-Assist-logo.png 1412w\" sizes=\"auto, (max-width: 411px) 100vw, 411px\" \/> \u00c0 l\u2019inverse, la ligne d\u2019assistance de <a href=\"https:\/\/www.medipac.com\/fr\/medipac-travel-medical-insurance#tab2\/\" target=\"_blank\" rel=\"noopener\"><strong>Medipac Assist<\/strong><\/a> met \u00e0 votre disposition une \u00e9quipe de vrais professionnels de la sant\u00e9 pour r\u00e9pondre \u00e0 vos appels \u00e0 l\u2019aide lorsque vous faites face \u00e0 une urgence m\u00e9dicale en voyage. Medipac Assist est pr\u00e9sent du d\u00e9but \u00e0 la fin pour offrir des conseils, accompagner les patients dans les syst\u00e8mes m\u00e9dicaux \u00e9trangers et coordonner directement les paiements avec les fournisseurs lorsque possible.<\/p>\n<p><strong>&nbsp;<\/strong><\/p>\n<p><strong>De la souscription initiale jusqu\u2019\u00e0 l\u2019assistance d\u2019urgence, Medipac est de loin le choix privil\u00e9gi\u00e9 pour nos membres.<\/strong><\/p>\n<p><strong>&nbsp;<\/strong><\/p>\n<p><a href=\"https:\/\/www.medipac.com\/fr\/\" target=\"_blank\" rel=\"noopener\"><strong>Cliquez ici<\/strong><\/a>&nbsp;pour en savoir plus sur l\u2019<a href=\"https:\/\/www.medipac.com\/fr\/free-brochure\/\" target=\"_blank\" rel=\"noopener\"><strong>assurance voyage Medipac<\/strong><\/a>, ou appelez au<\/p>\n<p><strong>&nbsp;<\/strong><\/p>\n<p style=\"text-align: center;\"><a href=\"tel:1-888-MEDIPAC\"><strong>1-800-267-6440<\/strong><\/a>.<\/p>\n<p><strong>&nbsp;<\/strong><\/p>\n<h2><span style=\"color: #ff0000;\"><strong>L\u2019assurance voyage Medipac en bref&nbsp;:<\/strong><\/span><\/h2>\n<p><strong>Souscrivez votre assurance voyage en ligne<\/strong><br \/>\nVous pouvez maintenant souscrire le <a href=\"https:\/\/www.medipac.com\/fr\/apply-for-travel-insurance\/\" target=\"_blank\" rel=\"noopener\">r\u00e9gime d\u2019assurance voyage Medipac en ligne<\/a> au moyen de la proposition s\u00e9curis\u00e9e d\u2019assurance voyage en ligne.<\/p>\n<p><strong>&nbsp;<\/strong><\/p>\n<p><strong>Incitatifs pour les nouveaux clients<\/strong><br \/>\nMedipac est le choix tout indiqu\u00e9 pour vos besoins en assurance voyage. Les nouveaux clients de Medipac peuvent aussi \u00e9conomiser jusqu\u2019\u00e0 15&nbsp;%. Appelez Medipac pour obtenir votre code de r\u00e9duction et soumettez votre proposition d\u2019assurance en ligne.<\/p>\n<p><strong>&nbsp;<\/strong><\/p>\n<p><strong>Offre sp\u00e9ciale pour les retrait\u00e9s du gouvernement f\u00e9d\u00e9ral<\/strong><br \/>\nMedipac propose aux retrait\u00e9s du gouvernement f\u00e9d\u00e9ral des cr\u00e9dits de couverture (<a href=\"https:\/\/www.medipac.com\/fr\/coverage-options#superannuates\" target=\"_blank\" rel=\"noopener\">r\u00e9ductions<\/a>) en plus d\u2019un r\u00e9gime annuel de 40&nbsp;jours <strong>GRATUIT<\/strong>. Cette ann\u00e9e, Medipac a augment\u00e9 ces cr\u00e9dits de 20&nbsp;%.<\/p>\n<p><strong>&nbsp;<\/strong><\/p>\n<p style=\"text-align: left;\"><a href=\"https:\/\/www.medipac.com\/fr\/coverage-options\/\" target=\"_blank\" rel=\"noopener\"><img loading=\"lazy\" decoding=\"async\" class=\"alignleft wp-image-3933 size-medium\" src=\"https:\/\/www.snowbirds.org\/wp-content\/uploads\/2022\/07\/MedipacMAX-logo-300x52.png\" sizes=\"auto, (max-width: 300px) 100vw, 300px\" srcset=\"https:\/\/www.snowbirds.org\/wp-content\/uploads\/2022\/07\/MedipacMAX-logo-300x52.png 300w, https:\/\/www.snowbirds.org\/wp-content\/uploads\/2022\/07\/MedipacMAX-logo-1024x179.png 1024w, https:\/\/www.snowbirds.org\/wp-content\/uploads\/2022\/07\/MedipacMAX-logo-768x134.png 768w, https:\/\/www.snowbirds.org\/wp-content\/uploads\/2022\/07\/MedipacMAX-logo-1536x268.png 1536w, https:\/\/www.snowbirds.org\/wp-content\/uploads\/2022\/07\/MedipacMAX-logo.png 1718w\" alt=\"\" width=\"300\" height=\"52\"><\/a><\/p>\n<p><strong>&nbsp;<\/strong><\/p>\n<p><strong>&nbsp;<\/strong><\/p>\n<p><strong>&nbsp;<\/strong><\/p>\n<p><a href=\"https:\/\/www.medipac.com\/fr\/coverage-options\/\" target=\"_blank\" rel=\"noopener\">MedipacMAX<\/a>, l\u2019option la plus populaire, offre neuf garanties importantes \u00e0 un seul bas prix, y compris&nbsp;:<\/p>\n<p>\u2022&nbsp;Exon\u00e9ration de la premi\u00e8re r\u00e9clamation pour prot\u00e9ger votre r\u00e9duction \u00ab&nbsp;aucune r\u00e9clamation&nbsp;\u00bb<br \/>\n\u2022&nbsp;Assurance de 10\u2009000&nbsp;$ en cas de d\u00e9c\u00e8s accidentel<br \/>\n\u2022&nbsp;Garantie frais de d\u00e9placement de 5\u2009000&nbsp;$<br \/>\n\u2022&nbsp;Garantie pour animal de compagnie de 1\u2009500&nbsp;$<br \/>\n\u2022&nbsp;Garantie bagages exc\u00e9dentaires de 1\u2009000&nbsp;$<br \/>\n\u2022&nbsp;Garantie de retour au Canada de 4\u2009000&nbsp;$<br \/>\n\u2022&nbsp;Garantie d\u2019hospitalisation au Canada de 2\u2009000&nbsp;$<br \/>\n\u2022&nbsp;Garantie d\u2019hospitalisation en r\u00e9adaptation de 5\u2009000&nbsp;$<br \/>\n<strong>\u2022 Augmentation de la couverture maximale de la police \u00e0 5\u2009000\u2009000&nbsp;$US, y compris la COVID-19<\/strong><\/p>\n<p><strong>&nbsp;<\/strong><\/p>\n<p><strong>R\u00e9gime d\u2019appoint complet<\/strong><br \/>\nL\u2019assurance voyage Medipac offre un <a href=\"https:\/\/www.medipac.com\/fr\/coverage-options#topups\" target=\"_blank\" rel=\"noopener\">r\u00e9gime d\u2019appoint<\/a> complet et avantageux aux retrait\u00e9s de l\u2019enseignement, des services publics et du gouvernement. Un r\u00e9gime \u00ab&nbsp;\u00e0 la carte&nbsp;\u00bb.<\/p>\n<p><strong>&nbsp;<\/strong><\/p>\n<p><strong>Couverture des \u00e9tats pr\u00e9existants<\/strong><br \/>\nLa plupart des clients dont l\u2019\u00e9tat de sant\u00e9 est stable et contr\u00f4l\u00e9 peuvent souscrire l\u2019assurance Medipac et b\u00e9n\u00e9ficier d\u2019une pleine couverture de tous leurs probl\u00e8mes de sant\u00e9.<\/p>\n<p><strong>&nbsp;<\/strong><\/p>\n<p><strong>R\u00e9duction pour loyaut\u00e9 de Medipac<\/strong><br \/>\nMedipac r\u00e9compense ses clients \u00e0 l\u2019aide de cr\u00e9dits sur leur prime&nbsp;: les clients \u00e9tablis b\u00e9n\u00e9ficient ainsi d\u2019une <a href=\"https:\/\/www.medipac.com\/fr\/medipac-plan#howtosave\" target=\"_blank\" rel=\"noopener\">r\u00e9duction <\/a>suppl\u00e9mentaire de leur prime (1&nbsp;% par ann\u00e9e) allant jusqu\u2019\u00e0 10&nbsp;%!<\/p>\n<p><strong>&nbsp;<\/strong><\/p>\n<p><strong>R\u00e9duction \u00ab&nbsp;aucune r\u00e9clamation&nbsp;\u00bb<\/strong><br \/>\nLes clients de Medipac qui n\u2019ont pr\u00e9sent\u00e9 aucune demande de r\u00e8glement d\u2019assurance voyage m\u00e9ritent un meilleur taux. Vous pouvez accumuler jusqu\u2019\u00e0 10&nbsp;% de <a href=\"https:\/\/www.medipac.com\/fr\/medipac-plan#howtosave\" target=\"_blank\" rel=\"noopener\">r\u00e9duction<\/a> par vos saines habitudes de vie. Les NOUVEAUX clients sont aussi admissibles!<\/p>\n<p><strong>&nbsp;<\/strong><strong style=\"font-size: revert; color: initial;\">&nbsp;<\/strong><\/p>\n<p><strong>Voyages \u00e0 court terme<\/strong><br \/>\nVous ne voyagez qu\u2019une ou deux semaines pour visiter la famille ou faire une croisi\u00e8re? Renseignez-vous sur les taux \u00e0 court terme et l\u2019Option annuelle de Medipac \u00e0 l\u2019aide de la fonction de<a href=\"https:\/\/www.medipac.com\/fr\/medipac-detailed-quote\/\" target=\"_blank\" rel=\"noopener\"> soumission \u00e9clair<\/a>. Il suffit de quelques minutes pour pouvoir voyager muni de la couverture ad\u00e9quate et l\u2019esprit tranquille.<\/p>\n<p>&nbsp;<\/p>\n<p><center><\/center><strong><a class=\"redbtn\" title=\"Assurance voyage Medipac - Souscrire en ligne\" href=\"https:\/\/www.medipac.com\/fr\/apply-for-travel-insurance\/\" target=\"_blank\" rel=\"noopener\">Souscrire EN LIGNE<\/a> &nbsp; &nbsp; <a class=\"redbtn\" title=\"Assurance voyage Medipac - Soumission \u00e9clair\" href=\"https:\/\/www.medipac.com\/fr\/medipac-detailed-quote\/\" target=\"_blank\" rel=\"noopener\">SOUMISSION \u00e9clair<\/a><br \/>\n<a class=\"redbtn\" title=\"Demande d\u2019assurance voyage Medipac\" href=\"http:\/\/www.medipac.com\/UserFiles\/files\/MedipacDemande.pdf\" target=\"_blank\" rel=\"noopener\">Demande d\u2019assurance voyage Medipac \u2014 Fichier PDF imprimable<\/a><br \/>\n<a class=\"redbtn\" title=\"Guide et police d\u2019assurance voyage Medipac\" href=\"http:\/\/www.medipac.com\/UserFiles\/files\/Assurancevoyage.pdf\" target=\"_blank\" rel=\"noopener\">Guide et police d\u2019assurance voyage Medipac \u2014 Fichier PDF imprimable<\/a><\/strong><\/p>\n<p>&nbsp;<\/p>\n<\/div>","protected":false},"excerpt":{"rendered":"<p>ASSURANCE VOYAGE MEDIPAC&nbsp; : 1-800-267-6440 L\u2019assurance voyage L\u00e8ve-t\u00f4t est maintenant disponible! \u00c9conomisez jusqu\u2019\u00e0 25&nbsp;% Le r\u00e9gime L\u00e8ve-t\u00f4t est offert jusqu\u2019au 31&nbsp;ao\u00fbt L\u2019Association canadienne des \u00ab&nbsp;snowbirds&nbsp;\u00bb recommande exclusivement l\u2019assurance voyage Medipac. Pourquoi nous choisissons Medipac Depuis plus de 30&nbsp;ans, Medipac couvre la plupart des \u00e9tats de sant\u00e9 pr\u00e9existants stabilis\u00e9s sans \u00e9gard \u00e0 l\u2019\u00e2ge (et certains de [&hellip;]<\/p>\n","protected":false},"author":1,"featured_media":3051,"parent":0,"menu_order":0,"comment_status":"closed","ping_status":"closed","template":"template-travelinsurance.php","meta":{"_acf_changed":false,"_monsterinsights_skip_tracking":false,"_monsterinsights_sitenote_active":false,"_monsterinsights_sitenote_note":"","_monsterinsights_sitenote_category":0,"_uf_show_specific_survey":0,"_uf_disable_surveys":false,"footnotes":""},"categories":[],"tags":[],"class_list":["post-841","page","type-page","status-publish","has-post-thumbnail","hentry"],"acf":[],"_links":{"self":[{"href":"https:\/\/www.snowbirds.org\/fr\/wp-json\/wp\/v2\/pages\/841","targetHints":{"allow":["GET"]}}],"collection":[{"href":"https:\/\/www.snowbirds.org\/fr\/wp-json\/wp\/v2\/pages"}],"about":[{"href":"https:\/\/www.snowbirds.org\/fr\/wp-json\/wp\/v2\/types\/page"}],"author":[{"embeddable":true,"href":"https:\/\/www.snowbirds.org\/fr\/wp-json\/wp\/v2\/users\/1"}],"replies":[{"embeddable":true,"href":"https:\/\/www.snowbirds.org\/fr\/wp-json\/wp\/v2\/comments?post=841"}],"version-history":[{"count":85,"href":"https:\/\/www.snowbirds.org\/fr\/wp-json\/wp\/v2\/pages\/841\/revisions"}],"predecessor-version":[{"id":4781,"href":"https:\/\/www.snowbirds.org\/fr\/wp-json\/wp\/v2\/pages\/841\/revisions\/4781"}],"wp:featuredmedia":[{"embeddable":true,"href":"https:\/\/www.snowbirds.org\/fr\/wp-json\/wp\/v2\/media\/3051"}],"wp:attachment":[{"href":"https:\/\/www.snowbirds.org\/fr\/wp-json\/wp\/v2\/media?parent=841"}],"wp:term":[{"taxonomy":"category","embeddable":true,"href":"https:\/\/www.snowbirds.org\/fr\/wp-json\/wp\/v2\/categories?post=841"},{"taxonomy":"post_tag","embeddable":true,"href":"https:\/\/www.snowbirds.org\/fr\/wp-json\/wp\/v2\/tags?post=841"}],"curies":[{"name":"wp","href":"https:\/\/api.w.org\/{rel}","templated":true}]}}