{"id":844,"date":"2017-11-27T07:06:12","date_gmt":"2017-11-27T07:06:12","guid":{"rendered":"https:\/\/www.snowbirds.org\/us-tax-forms\/"},"modified":"2020-12-30T17:07:43","modified_gmt":"2020-12-30T17:07:43","slug":"formulaires-fiscaux-des-eu","status":"publish","type":"page","link":"https:\/\/www.snowbirds.org\/fr\/formulaires-fiscaux-des-eu\/","title":{"rendered":"Formulaires fiscaux des \u00c9.-U."},"content":{"rendered":"<div id=\"modal-ready\"><p><strong>Formulaires fiscaux des \u00c9.-U.<\/strong><\/p>\n<p><a name=\"8840\"><\/a><\/p>\n<p><img loading=\"lazy\" decoding=\"async\" class=\"wp-image-2713 alignleft\" src=\"https:\/\/www.snowbirds.org\/wp-content\/uploads\/2017\/11\/csa-tax-forms-240x300.jpg\" alt=\"Formulaires fiscaux des \u00c9.-U.\" width=\"195\" height=\"244\" srcset=\"https:\/\/www.snowbirds.org\/wp-content\/uploads\/2017\/11\/csa-tax-forms-240x300.jpg 240w, https:\/\/www.snowbirds.org\/wp-content\/uploads\/2017\/11\/csa-tax-forms-768x959.jpg 768w, https:\/\/www.snowbirds.org\/wp-content\/uploads\/2017\/11\/csa-tax-forms-820x1024.jpg 820w, https:\/\/www.snowbirds.org\/wp-content\/uploads\/2017\/11\/csa-tax-forms-758x946.jpg 758w\" sizes=\"auto, (max-width: 195px) 100vw, 195px\" \/><\/p>\n<p><strong>8840 \u2014 Closer Connection Exemption Statement for Aliens<\/strong><\/p>\n<p>Les r\u00e9sidents canadiens qui hivernent aux \u00c9tats-Unis y sont techniquement assujettis \u00e0 l&rsquo;imp\u00f4t sur le revenu s&rsquo;ils y s\u00e9journent plus qu&rsquo;un nombre de jours pr\u00e9cis (en fonction d&rsquo;un calcul sur le formulaire 8840) dans une ann\u00e9e donn\u00e9e.<\/p>\n<p>Pour \u00e9viter d&rsquo;\u00eatre impos\u00e9 par le gouvernement des \u00c9.-U., vous devrez remplir chaque ann\u00e9e le formulaire 8840 (Closer Connection Exemption Statement for Aliens) et le soumettre \u00e0 l&rsquo;agence du revenu des \u00c9.-U., l&rsquo;Internal Revenue Service (IRS).<\/p>\n<p>Essentiellement, ce formulaire atteste que vous avez r\u00e9pondez au crit\u00e8re de s\u00e9jour d&rsquo;une dur\u00e9e importante (substantial presence test), MAIS que vous ne soumettrez pas de d\u00e9claration de revenus aux \u00c9.-U. \u00e9tant donn\u00e9 que vous maintenez des liens plus \u00e9troits (closer connection) avec un pays \u00e9tranger, tel que le Canada, o\u00f9 vous paierez un imp\u00f4t sur le revenu annuel.<\/p>\n<p>L&rsquo;IRS consid\u00e9rera que vous maintenez des \u00ab\u00a0liens plus \u00e9troits\u00a0\u00bb avec un pays autre que les \u00c9.-U. d&rsquo;apr\u00e8s l&rsquo;endroit o\u00f9 se trouvent\u00a0:<\/p>\n<ul>\n<li>Votre r\u00e9sidence permanente<\/li>\n<li>Votre famille<\/li>\n<li>Vos objets personnels tels que v\u00e9hicules, meubles, v\u00eatements et bijoux<\/li>\n<li>Les organisations sociales, politiques, culturelles ou religieuses auxquelles vous adh\u00e9rez<\/li>\n<li>Vos activit\u00e9s commerciales (autres que celles qui constituent votre domicile fiscal)<\/li>\n<li>Les autorit\u00e9s qui ont d\u00e9livr\u00e9 votre permis de conduire<\/li>\n<li>Votre circonscription \u00e9lectorale<\/li>\n<\/ul>\n<p>Peu importe que votre r\u00e9sidence permanente soit une maison, un appartement ou une chambre meubl\u00e9e, et que vous soyez locataire ou propri\u00e9taire. Par contre, il est important que votre r\u00e9sidence soit disponible en tout temps, sans interruption, et non pour de courts s\u00e9jours seulement.<\/p>\n<p>Les Canadiens devraient \u00eatre pr\u00e9voyants et remplir annuellement un nouveau formulaire 8840 et le soumettre \u00e0 l&rsquo;IRS. Cela constituera une attestation positive du fait que vous entrez aux \u00c9tats-Unis chaque ann\u00e9e en tant que \u00ab visiteur temporaire en voyage d&rsquo;agr\u00e9ment \u00bb et que vous respectez les lois fiscales am\u00e9ricaines. Vous devriez \u00e9galement avoir en votre possession une photocopie de chacun des formulaires 8840 que vous avez soumis lorsque vous traverserez la fronti\u00e8re pour entrer aux \u00c9tats-Unis l&rsquo;ann\u00e9e suivante; vous pourrez ainsi d\u00e9montrer que vous entrez aux \u00c9tats-Unis en tant que visiteur temporaire du Canada.<\/p>\n<p style=\"text-align: center;\"><a class=\"redbtn\" href=\"http:\/\/www.irs.gov\/pub\/irs-pdf\/f8840.pdf\" target=\"_blank\" rel=\"noopener\" title=\"Formulaire 8840 de l\u2019IRS (en anglais seulement)\" ><b><strong>T\u00e9l\u00e9charger le formulaire 8840 de l\u2019IRS (en anglais seulement)<\/strong><\/b><\/a><\/p>\n<p style=\"text-align: center;\"><a class=\"redbtn\" href=\"https:\/\/www.snowbirds.org\/fr\/?s=8840&amp;orderby=post_date&amp;order=desc&amp;post_type=bird_talks\" target=\"_blank\" title=\"8840 Le Jaseur\" rel=\"noopener\"><b><strong>8840 Le Jaseur<\/strong><\/b><\/a><\/p>\n<p><a name=\"w8-ben\"><\/a><\/p>\n<p><img loading=\"lazy\" decoding=\"async\" class=\"wp-image-2713 alignleft\" src=\"https:\/\/www.snowbirds.org\/wp-content\/uploads\/2017\/11\/csa-tax-forms-240x300.jpg\" alt=\"Formulaires fiscaux\" width=\"197\" height=\"246\" srcset=\"https:\/\/www.snowbirds.org\/wp-content\/uploads\/2017\/11\/csa-tax-forms-240x300.jpg 240w, https:\/\/www.snowbirds.org\/wp-content\/uploads\/2017\/11\/csa-tax-forms-768x959.jpg 768w, https:\/\/www.snowbirds.org\/wp-content\/uploads\/2017\/11\/csa-tax-forms-820x1024.jpg 820w, https:\/\/www.snowbirds.org\/wp-content\/uploads\/2017\/11\/csa-tax-forms-758x946.jpg 758w\" sizes=\"auto, (max-width: 197px) 100vw, 197px\" \/><\/p>\n<p><b><strong>W-8BEN \u2014 Certificate of Foreign Status of Beneficial Owner for United States Tax Withholding<\/strong><\/b><\/p>\n<p>Si vous d\u00e9tenez aupr\u00e8s d&rsquo;une institution financi\u00e8re aux \u00c9tats-Unis un compte bancaire portant int\u00e9r\u00eat, vous devriez remplir un formulaire W-8BEN (certificat de statut d&rsquo;\u00e9tranger) de l&rsquo;IRS et le soumettre \u00e0 votre institution financi\u00e8re am\u00e9ricaine afin d&rsquo;\u00e9viter que 30 % de tout produit d&rsquo;int\u00e9r\u00eats de vos d\u00e9p\u00f4ts soit remis \u00e0 l&rsquo;IRS.<\/p>\n<p>Les r\u00e9sidents canadiens sont conscients que le produit d&rsquo;int\u00e9r\u00eats de leurs comptes bancaires (peu importe le montant) ou de leurs placements est consid\u00e9r\u00e9 comme un revenu imposable dans la d\u00e9claration de revenus canadienne de l&rsquo;Agence du revenu du Canada (ARC).<\/p>\n<p>Tout comme aux \u00c9tats-Unis, les banques canadiennes sont tenues de retenir 30 % (le taux d&rsquo;imposition sur le revenu maximal) de tout int\u00e9r\u00eat bancaire vers\u00e9 aux non-r\u00e9sidents dans leur compte bancaire canadien parce qu&rsquo;il est rare que ceux-ci re\u00e7oivent un relev\u00e9 T5 et remplissent une d\u00e9claration de revenus canadienne. Les non-Canadiens doivent remplir une d\u00e9claration de revenus canadienne s&rsquo;ils souhaitent recevoir un remboursement de ces retenues.<\/p>\n<p>Il en va de m\u00eame aux \u00c9tats-Unis pour les banques et caisses populaires am\u00e9ricaines qui versent de l&rsquo;int\u00e9r\u00eat aux Canadiens (\u00e9trangers) dans leur compte bancaire.<\/p>\n<p>Le formulaire W-8BEN de l&rsquo;IRS est un certificat d&rsquo;exemption de retenue d&rsquo;imp\u00f4t que votre institution financi\u00e8re doit conserver pour justifier \u00e0 l&rsquo;IRS le fait qu&rsquo;elle n&rsquo;a pas retenu d&rsquo;int\u00e9r\u00eat vous \u00e9tant vers\u00e9, ou encore qu&rsquo;elle ne vous a pas \u00e9mis l&rsquo;\u00e9quivalent am\u00e9ricain du relev\u00e9 d&rsquo;imp\u00f4t canadien T5.<\/p>\n<p>Contrairement au formulaire 8840, envoy\u00e9 directement \u00e0 l&rsquo;IRS chaque ann\u00e9e, le formulaire W-8BEN est conserv\u00e9 par l&rsquo;institution financi\u00e8re au cas o\u00f9 l&rsquo;IRS ferait une v\u00e9rification et est valide jusqu&rsquo;\u00e0 trois ans.<\/p>\n<p style=\"text-align: center;\"><a class=\"redbtn\" href=\"http:\/\/www.irs.gov\/pub\/irs-pdf\/fw8ben.pdf\" target=\"_blank\" rel=\"noopener\" title=\"Formulaire W-8BEN de l\u2019IRS (en anglais seulement)\" ><b><strong>T\u00e9l\u00e9charger le formulaire W-8BEN de l\u2019IRS (en anglais seulement) <\/strong><\/b><\/a><\/p>\n<p style=\"text-align: center;\"><a title=\"W-8BEN Le Jaseur\" class=\"redbtn\" href=\"https:\/\/www.snowbirds.org\/fr\/?s=w-8ben&amp;orderby=post_date&amp;order=desc&amp;post_type=bird_talks\" target=\"_blank\" rel=\"noopener\"><b><strong>W-8BEN Le Jaseur <\/strong><\/b><\/a><\/p>\n<\/div>","protected":false},"excerpt":{"rendered":"<p>Formulaires fiscaux des \u00c9.-U. 8840 \u2014 Closer Connection Exemption Statement for Aliens Les r\u00e9sidents canadiens qui hivernent aux \u00c9tats-Unis y sont techniquement assujettis \u00e0 l&rsquo;imp\u00f4t sur le revenu s&rsquo;ils y s\u00e9journent plus qu&rsquo;un nombre de jours pr\u00e9cis (en fonction d&rsquo;un calcul sur le formulaire 8840) dans une ann\u00e9e donn\u00e9e. Pour \u00e9viter d&rsquo;\u00eatre impos\u00e9 par le [&hellip;]<\/p>\n","protected":false},"author":1,"featured_media":2850,"parent":0,"menu_order":0,"comment_status":"closed","ping_status":"closed","template":"template-taxform.php","meta":{"_acf_changed":false,"_monsterinsights_skip_tracking":false,"_monsterinsights_sitenote_active":false,"_monsterinsights_sitenote_note":"","_monsterinsights_sitenote_category":0,"_uf_show_specific_survey":0,"_uf_disable_surveys":false,"footnotes":""},"categories":[],"tags":[],"class_list":["post-844","page","type-page","status-publish","has-post-thumbnail","hentry"],"acf":[],"_links":{"self":[{"href":"https:\/\/www.snowbirds.org\/fr\/wp-json\/wp\/v2\/pages\/844","targetHints":{"allow":["GET"]}}],"collection":[{"href":"https:\/\/www.snowbirds.org\/fr\/wp-json\/wp\/v2\/pages"}],"about":[{"href":"https:\/\/www.snowbirds.org\/fr\/wp-json\/wp\/v2\/types\/page"}],"author":[{"embeddable":true,"href":"https:\/\/www.snowbirds.org\/fr\/wp-json\/wp\/v2\/users\/1"}],"replies":[{"embeddable":true,"href":"https:\/\/www.snowbirds.org\/fr\/wp-json\/wp\/v2\/comments?post=844"}],"version-history":[{"count":25,"href":"https:\/\/www.snowbirds.org\/fr\/wp-json\/wp\/v2\/pages\/844\/revisions"}],"predecessor-version":[{"id":3423,"href":"https:\/\/www.snowbirds.org\/fr\/wp-json\/wp\/v2\/pages\/844\/revisions\/3423"}],"wp:featuredmedia":[{"embeddable":true,"href":"https:\/\/www.snowbirds.org\/fr\/wp-json\/wp\/v2\/media\/2850"}],"wp:attachment":[{"href":"https:\/\/www.snowbirds.org\/fr\/wp-json\/wp\/v2\/media?parent=844"}],"wp:term":[{"taxonomy":"category","embeddable":true,"href":"https:\/\/www.snowbirds.org\/fr\/wp-json\/wp\/v2\/categories?post=844"},{"taxonomy":"post_tag","embeddable":true,"href":"https:\/\/www.snowbirds.org\/fr\/wp-json\/wp\/v2\/tags?post=844"}],"curies":[{"name":"wp","href":"https:\/\/api.w.org\/{rel}","templated":true}]}}