{"id":989,"date":"2017-12-12T08:59:51","date_gmt":"2017-12-12T08:59:51","guid":{"rendered":"https:\/\/www.snowbirds.org\/join-csa\/"},"modified":"2026-03-17T14:06:34","modified_gmt":"2026-03-17T14:06:34","slug":"join-csa","status":"publish","type":"page","link":"https:\/\/www.snowbirds.org\/fr\/join-csa\/","title":{"rendered":"Joignez-vous \u00e0 nous"},"content":{"rendered":"<div id=\"modal-ready\"><p><img loading=\"lazy\" decoding=\"async\" class=\"alignleft wp-image-982 size-full\" src=\"https:\/\/www.snowbirds.org\/wp-content\/uploads\/2017\/12\/joincsa1.jpg\" alt=\"Joignez-vous \u00e0 nous\" width=\"500\" height=\"324\" srcset=\"https:\/\/www.snowbirds.org\/wp-content\/uploads\/2017\/12\/joincsa1.jpg 500w, https:\/\/www.snowbirds.org\/wp-content\/uploads\/2017\/12\/joincsa1-300x194.jpg 300w\" sizes=\"auto, (max-width: 500px) 100vw, 500px\" \/><\/p>\n<p>L\u2019Association canadienne des \u00ab snowbirds \u00bb (ACS) est un organisme national de d\u00e9fense des droits sans but lucratif qui travaille activement \u00e0 d\u00e9fendre et \u00e0 am\u00e9liorer les droits et privil\u00e8ges des voyageurs canadiens.<\/p>\n<p>Joignez-vous \u00e0 l\u2019ACS \u2014 Adh\u00e9sion \u00e0 l\u2019Association canadienne des \u00ab snowbirds \u00bb, devenez utilisateur inscrit ou payant \u2014 joignez-vous \u00e0 l\u2019ACS, la voix des voyageurs canadiens.<\/p>\n<p>Nous avons besoin de votre aide! Plus nous compterons de membres, plus nous pourrons faire entendre notre voix aux gouvernements provinciaux, d\u2019\u00c9tat et \u00e9d\u00e9raux dans nos activit\u00e9s de d\u00e9fense des droits de tous les voyageurs canadiens, tant au Canada qu\u2019aux \u00c9tats-Unis.<\/p>\n<div class=\"clear\"><\/div>\n<div style=\"margin-top:35px\">\n<ul class=\"footerBoxStyleMenu\" style=\"margin-bottom:10px;\">\n<li style=\"list-style-type:none;\"><a href=\"https:\/\/www.snowbirds.org\/csa\/jointhecsa.php?act=new&ln=fr\" target=\"popup\" onclick=\"window.open('https:\/\/www.snowbirds.org\/csa\/jointhecsa.php?act=new&ln=fr','popup','width=600,height=600'); return false;\" title=\"Joignez-vous \u00e0 l'ACS d\u00e8s maintenant! \/ Adh\u00e9rez en ligne\" >Joignez-vous \u00e0 l'ACS d\u00e8s maintenant! \/ Adh\u00e9rez en ligne<\/a><\/li>\n<li style=\"list-style-type:none;\"><a href=\"https:\/\/www.snowbirds.org\/csa\/jointhecsa.php?act=renew&ln=fr\" target=\"popup\" onclick=\"window.open('https:\/\/www.snowbirds.org\/csa\/jointhecsa.php?act=renew&ln=fr','popup','width=600,height=600'); return false;\" title=\"Renouvellement de l'adh\u00e9sion \u00e0 l'ACS\" >Renouvellement de l'adh\u00e9sion \u00e0 l'ACS<\/a><\/li>\n<li style=\"list-style-type:none;\"><a href=\"https:\/\/www.snowbirds.org\/csa\/csa-acr-address-change-request.php?ln=fr\" target=\"popup\" onclick=\"window.open('https:\/\/www.snowbirds.org\/csa\/csa-acr-address-change-request.php?ln=fr','popup','width=600,height=600'); return false;\" title=\"Changement d\u2019adresse\" >Changement d\u2019adresse<\/a><\/li>\n<div class=\"clear\"><\/div>\n<\/ul>\n<\/div>\n<p><strong>Voici quelques exemples seulement des r\u00e9sultats du travail accompli par l\u2019Association canadienne des \u00ab snowbirds \u00bb qui ont d\u00e9j\u00e0 produit un effet dans votre vie :<\/strong><\/p>\n<ul>\n<li>Les \u00ab snowbirds \u00bb peuvent voter de l\u2019\u00e9tranger lors des \u00e9lections f\u00e9d\u00e9rales.<\/li>\n<li>Acc\u00e8s aux \u00c9.-U. maintenu \u00e0 182 jours, et non limit\u00e9 \u00e0 30 jours comme propos\u00e9 pr\u00e9c\u00e9demment.<\/li>\n<li>L\u2019ACS a emp\u00each\u00e9 la Commission Romanow d\u2019\u00e9liminer compl\u00e8tement le remboursement des frais m\u00e9dicaux \u00e0 l\u2019\u00e9tranger.<\/li>\n<li>Ontario \u2014 Le remboursement des frais m\u00e9dicaux \u00e0 l\u2019\u00e9tranger est pass\u00e9 de 100 $ \u00e0 400 $ par jour.<\/li>\n<li>Ontario \u2014 Les r\u00e9sidents peuvent maintenant s\u00e9journer hors province pendant 212 jours plut\u00f4t que 182 jours.<\/li>\n<li>\u00cele-du-Prince-\u00c9douard \u2014 Le remboursement des frais m\u00e9dicaux \u00e0 l\u2019\u00e9tranger est pass\u00e9 de 576 $ \u00e0 1055 $ par jour.<\/li>\n<li>Manitoba \u2014 Les r\u00e9sidents peuvent maintenant s\u00e9journer hors province pendant 212 jours plut\u00f4t que 182 jours.<\/li>\n<li>Gr\u00e2ce \u00e0 la pression sans rel\u00e2che exerc\u00e9e par l\u2019ACS, Ottawa a accept\u00e9 de d\u00e9livrer un passeport de dix ans.<\/li>\n<li>L\u2019ACS a fait pression avec succ\u00e8s aupr\u00e8s du Congr\u00e8s am\u00e9ricain afin qu\u2019il adopte des lois permettant de porter de 6 \u00e0 8 mois la limite de s\u00e9jour aux \u00c9.-U. des citoyens canadiens \u00e2g\u00e9s de 50 ans et plus.<\/li>\n<li>Les r\u00e9sidents de l\u2019Ontario peuvent maintenant voter aux \u00e9lections provinciales de l\u2019\u00e9tranger.<\/li>\n<li>La Colombie-Britannique devient la premi\u00e8re province \u00e0 tenir des \u00e9lections \u00e0 date fixe, ce qui donne de la flexibilit\u00e9 aux voyageurs, qui n\u2019ont pas \u00e0 sacrifier leur droit de vote d\u00e9mocratique<\/li>\n<li>Colombie-Britannique \u2014 Les r\u00e9sidents peuvent s\u2019absenter de la province jusqu\u2019\u00e0 sept mois par ann\u00e9e civile tout en conservant leur couverture d\u2019assurance maladie provinciale.<\/li>\n<li>Alberta \u2014 La dur\u00e9e maximale pendant laquelle les r\u00e9sidents peuvent s\u00e9journer \u00e0 l\u2019\u00e9tranger sans perdre leur couverture d&rsquo;assurance maladie passe de six \u00e0 sept mois.<\/li>\n<li>Nouvelle-\u00c9cosse \u2014 Les r\u00e9sidents peuvent s\u2019absenter de la province jusqu\u2019\u00e0 sept mois par ann\u00e9e civile tout en conservant leur couverture d&rsquo;assurance maladie (MSI).<\/li>\n<li>Nouvelle-\u00c9cosse \u2014 Les b\u00e9n\u00e9ficiaires du r\u00e9gime d\u2019assurance m\u00e9dicaments pour les familles et les a\u00een\u00e9s de la Nouvelle-\u00c9cosse peuvent d\u00e9sormais recevoir jusqu\u2019\u00e0 trois renouvellements de 90 jours de m\u00e9dicaments et ainsi obtenir une provision de 270 jours de m\u00e9dicaments pour les vacances. C\u2019est une augmentation de 90 jours par rapport \u00e0 l\u2019ancienne quantit\u00e9 maximale de 180 jours.<\/li>\n<li>Nouveau-Brunswick \u2014 Les r\u00e9sidents peuvent d\u00e9sormais s\u2019absenter de la province jusqu\u2019\u00e0 212 jours pour les vacances ou des visites tout en conservant leur couverture d\u2019assurance maladie. Les N\u00e9o-Brunswickois b\u00e9n\u00e9ficient donc d\u2019un mois suppl\u00e9mentaire de couverture par rapport \u00e0 la limite pr\u00e9c\u00e9dente de 182 jours.<\/li>\n<li>Le gouvernement de la Saskatchewan a modifi\u00e9 sa politique sur les absences temporaires afin d\u2019augmenter de six \u00e0 sept mois la p\u00e9riode pendant laquelle ses r\u00e9sidents peuvent s\u00e9journer hors province tout en conservant leur couverture d\u2019assurance maladie.<\/li>\n<li>Territoires du Nord-Ouest \u2014 D\u00e9sormais, les r\u00e9sidents vacanciers \u00e0 long terme sont tenus d\u2019\u00eatre pr\u00e9sents dans le territoire pendant seulement 153 jours par ann\u00e9e, plut\u00f4t que 183 jours, pour rester admissibles au r\u00e9gime d\u2019assurance maladie territorial.<\/li>\n<\/ul>\n<p><strong>Lorsque vous d\u00e9ciderez de faire \u00e9quipe avec nous, l\u2019ACS :<\/strong><\/p>\n<ul>\n<li>vous tiendra inform\u00e9 gr\u00e2ce \u00e0 un abonnement gratuit au magazine <a href=\"https:\/\/www.snowbirds.org\/csanews\">Nouvelles \u00ab CSA \u00bb<\/a>;<\/li>\n<li>vous fournira des conseils essentiels au style de vie des \u00ab snowbirds \u00bb gr\u00e2ce au <a href=\"https:\/\/www.snowbirds.org\/member-benefits\/publications-de-lacs\">Guide des voyageurs de l\u2019ACS<\/a>;<\/li>\n<li>vous aidera dans vos pr\u00e9paratifs de voyage gr\u00e2ce \u00e0 <a href=\"https:\/\/www.snowbirds.org\/publications\/aide-memoire-du-voyageur-de-lacs\">l\u2019Aide-m\u00e9moire du voyageur de l\u2019ACS<\/a>;<\/li>\n<li>vous divertira gr\u00e2ce aux prestations d\u2019artistes de classe mondiale lors des pr\u00e9sentations <a href=\"https:\/\/www.snowbirds.org\/events\">Snowbird Extravaganza<\/a> et des autres \u00e9v\u00e9nements ax\u00e9s sur le mode de vie des \u00ab snowbirds \u00bb que nous aidons \u00e0 promouvoir au Canada et aux \u00c9tats-Unis;<\/li>\n<li>vous inscrira au site Web Snowbirds.org, afin de pouvoir remplir un <a href=\"https:\/\/www.snowbirds.org\/fr\/member-benefits\/personal-health-record\">dossier de sant\u00e9 personnel de la ACS<\/a> que vous emporterez avec vous lors de vos voyages;<\/li>\n<li>vous aidera bien s\u00fbr \u00e0 \u00e9conomiser gr\u00e2ce au <a href=\"https:\/\/www.snowbirds.org\/fr\/member_benefits\/currency-exchange\">Programme d\u2019\u00e9change de devises des \u00ab snowbirds \u00bb<\/a>, \u00e0 l\u2019Auto Club de l\u2019ACS, ou aux <a href=\"https:\/\/www.snowbirds.org\/fr\/member-benefits\">autres avantages<\/a> int\u00e9ressants offerts \u00e0 nos membres.<\/li>\n<\/ul>\n<p>Continuez vos aventures hivernales et joignez-vous \u00e0 l\u2019Association canadienne des \u00ab snowbirds \u00bb.<\/p>\n<p><a class=\"redbtn\" href=\"https:\/\/www.snowbirds.org\/csa\/jointhecsa.php?act=new&amp;ln=fr\"><strong>Devenez membre d\u00e8s aujourd\u2019hui!<\/strong><\/a><\/p>\n<p><strong>Membre annuel r\u00e9gulier (adresse principale au Canada)<\/strong><\/p>\n<ul>\n<li>25 $CA \u2014 un an<\/li>\n<li>45 $CA \u2014 deux ans (22,50 $ par ann\u00e9e)<\/li>\n<li>65 $CA \u2014 trois ans (21,67 $ par ann\u00e9e)<\/li>\n<li>99 $CA \u2014 cinq ans (19,80 $ par ann\u00e9e)<\/li>\n<li>325 $CA \u2014 \u00e0 vie<\/li>\n<\/ul>\n<p><strong>Membre annuel associ\u00e9 (adresse principale aux \u00c9.-U. ou ailleurs dans le monde)*<\/strong><\/p>\n<ul>\n<li>25 $US \u2014 un an<\/li>\n<li>45 $US \u2014 deux ans (22,50 $ par ann\u00e9e)<\/li>\n<li>65 $US \u2014 trois ans (21,67 $ par ann\u00e9e)<\/li>\n<li>99 $US \u2014 cinq ans (19,80 $ par ann\u00e9e)<\/li>\n<li>325 $US \u2014 \u00e0 vie<\/li>\n<\/ul>\n<p><strong>* Nous traitons les demandes en ligne en dollars canadiens SEULEMENT. Pour payer en dollars US, appelez-nous au 1-800-265-3200.<\/strong><\/p>\n<p><strong>Joignez-vous \u00e0 nous \/ Renouvelez votre adh\u00e9sion<\/strong><\/p>\n<\/div>","protected":false},"excerpt":{"rendered":"<p>L\u2019Association canadienne des \u00ab snowbirds \u00bb (ACS) est un organisme national de d\u00e9fense des droits sans but lucratif qui travaille activement \u00e0 d\u00e9fendre et \u00e0 am\u00e9liorer les droits et privil\u00e8ges des voyageurs canadiens. Joignez-vous \u00e0 l\u2019ACS \u2014 Adh\u00e9sion \u00e0 l\u2019Association canadienne des \u00ab snowbirds \u00bb, devenez utilisateur inscrit ou payant \u2014 joignez-vous \u00e0 l\u2019ACS, la [&hellip;]<\/p>\n","protected":false},"author":1,"featured_media":0,"parent":0,"menu_order":0,"comment_status":"closed","ping_status":"closed","template":"template-joincsa.php","meta":{"_acf_changed":false,"_monsterinsights_skip_tracking":false,"_monsterinsights_sitenote_active":false,"_monsterinsights_sitenote_note":"","_monsterinsights_sitenote_category":0,"_uf_show_specific_survey":0,"_uf_disable_surveys":false,"footnotes":""},"categories":[],"tags":[],"class_list":["post-989","page","type-page","status-publish","hentry"],"acf":[],"_links":{"self":[{"href":"https:\/\/www.snowbirds.org\/fr\/wp-json\/wp\/v2\/pages\/989","targetHints":{"allow":["GET"]}}],"collection":[{"href":"https:\/\/www.snowbirds.org\/fr\/wp-json\/wp\/v2\/pages"}],"about":[{"href":"https:\/\/www.snowbirds.org\/fr\/wp-json\/wp\/v2\/types\/page"}],"author":[{"embeddable":true,"href":"https:\/\/www.snowbirds.org\/fr\/wp-json\/wp\/v2\/users\/1"}],"replies":[{"embeddable":true,"href":"https:\/\/www.snowbirds.org\/fr\/wp-json\/wp\/v2\/comments?post=989"}],"version-history":[{"count":17,"href":"https:\/\/www.snowbirds.org\/fr\/wp-json\/wp\/v2\/pages\/989\/revisions"}],"predecessor-version":[{"id":6094,"href":"https:\/\/www.snowbirds.org\/fr\/wp-json\/wp\/v2\/pages\/989\/revisions\/6094"}],"wp:attachment":[{"href":"https:\/\/www.snowbirds.org\/fr\/wp-json\/wp\/v2\/media?parent=989"}],"wp:term":[{"taxonomy":"category","embeddable":true,"href":"https:\/\/www.snowbirds.org\/fr\/wp-json\/wp\/v2\/categories?post=989"},{"taxonomy":"post_tag","embeddable":true,"href":"https:\/\/www.snowbirds.org\/fr\/wp-json\/wp\/v2\/tags?post=989"}],"curies":[{"name":"wp","href":"https:\/\/api.w.org\/{rel}","templated":true}]}}